{"id":10972,"date":"2023-06-22T11:50:43","date_gmt":"2023-06-22T09:50:43","guid":{"rendered":"https:\/\/shop.davantel.com\/?post_type=product&#038;p=10972"},"modified":"2024-01-25T15:36:49","modified_gmt":"2024-01-25T14:36:49","slug":"eg5120-a2caz-5g-a25gl","status":"publish","type":"product","link":"https:\/\/shop.davantel.com\/en\/product\/eg5120-a2caz-5g-a25gl","title":{"rendered":"EG5120-A2CAZ-5G-A25GL (WiFi + BLE)"},"content":{"rendered":"\n<p class=\"wp-block-paragraph\">EG5120 es compatible con Docker para una f\u00e1cil implementaci\u00f3n de aplicaciones y se beneficia de \u2018RobustOS Pro\u2019: el \u00faltimo sistema operativo de enrutador de Robustel con ciberseguridad mejorada, GUI avanzada y una gran variedad de funciones de software que incluyen VPN, Smart Roaming, control remoto de SMS y m\u00e1s.<\/p>\n\n\n\n<p class=\"wp-block-paragraph\">Con una CPU Cortex A53 de cuatro n\u00facleos a 1,6 GHz y una NPU integrada de 2,3 TOPS que aceleran en gran medida la inferencia de aprendizaje autom\u00e1tico, el EG5120 llevar\u00e1 la potencia de c\u00f3mputo al siguiente nivel, lo mejor para las aplicaciones de IA y computaci\u00f3n perimetral, tambi\u00e9n se puede utilizar como un combinaci\u00f3n de router celular + PC embebido en todo el campo industrial.<\/p>\n\n\n\n<p class=\"wp-block-paragraph\">RCMS es el servicio gratuito de monitoreo de enrutadores de Robustel que es totalmente compatible con el EG5120. Permite a los clientes ver una descripci\u00f3n general de la ubicaci\u00f3n de sus enrutadores de forma r\u00e1pida y sencilla en un mapa, adem\u00e1s de caracter\u00edsticas como el uso de datos, la intensidad de la se\u00f1al, la red actual y mucho m\u00e1s que se pueden ver por enrutador\/puerta de enlace. Las actualizaciones inal\u00e1mbricas son compatibles con el firmware, la configuraci\u00f3n del enrutador y las aplicaciones que sirven como un \u00abseguro\u00bb esencial si algo no sali\u00f3 bien durante la implementaci\u00f3n.<\/p>\n\n\n\n<p class=\"wp-block-paragraph\">Puede probar la plataforma de administraci\u00f3n de enrutadores gratuita de Robustel registr\u00e1ndose aqu\u00ed:&nbsp;<a href=\"https:\/\/rcms-cloud.robustel.net\/\" target=\"_blank\" rel=\"noreferrer noopener\">https:\/\/rcms-cloud.robustel.net<\/a><\/p>\n\n\n\n<ul class=\"wp-block-list\">\n<li>Conectividad celular 5G\/4G\/3G\/2G altamente estable con cobertura de banda global<\/li>\n\n\n\n<li>Motor de c\u00f3mputo de alto rendimiento con CPU de 1,6 GHz + Flash eMMC de 16 GB para ejecutar aplicaciones complejas<\/li>\n\n\n\n<li>Se admite la creaci\u00f3n de contenedores \u2018Docker\u2019<\/li>\n\n\n\n<li>Interfaz 5G de \u00faltima generaci\u00f3n (Versi\u00f3n 16)<\/li>\n\n\n\n<li>Wi-Fi 802.11ac compatible con los modos AP y Cliente<\/li>\n\n\n\n<li>Bluetooth compatible con Bluetooth 5.2<\/li>\n\n\n\n<li>2 puertos RS232\/RS485 (configurables por software) para la conexi\u00f3n a dispositivos industriales\/heredados<\/li>\n\n\n\n<li>2 x DI y 2 x DO para monitoreo y control simples<\/li>\n\n\n\n<li>Ranuras para tarjetas SIM dobles para comunicaciones redundantes<\/li>\n\n\n\n<li>Amplio rango de temperatura de funcionamiento para aplicaciones industriales<\/li>\n\n\n\n<li>Compatibilidad total con Modbus TCP y Modbus RTU, incluida la transferencia de MQTT a las principales plataformas en la nube<\/li>\n\n\n\n<li>Admite C, C++, Java, Python, Node.js, etc. para que los usuarios desarrollen sus propias aplicaciones<\/li>\n\n\n\n<li>M\u00e1s de 50.000 aplicaciones del repositorio de Debian actualmente disponibles<\/li>\n\n\n\n<li>Wireguard\/IPsec\/OpenVPN\/GRE\/L2TP\/PPTP\/DMVPN y m\u00e1s opciones de VPN<\/li>\n\n\n\n<li>Compatible con RCMS: la plataforma de gesti\u00f3n de enrutadores\/puertas de enlace de Robustel para una gesti\u00f3n eficaz de grandes conjuntos de dispositivos<\/li>\n<\/ul>\n","protected":false},"excerpt":{"rendered":"<p>I.MX8M PLUS+AI, 2GB RAM, 16GB FLASH, 2XETH, 1XUSB, 2XRS232\/485, 2XDI,2XDO, 1XSD CARD, 5G NR, WIFI\/BLE. (No incluye antenas 5G, antena WiFi y alimentador externo 220VAC).<\/p>\n","protected":false},"author":1,"featured_media":10970,"comment_status":"open","ping_status":"closed","template":"","meta":{"_crdt_document":"","advgb_blocks_editor_width":"","advgb_blocks_columns_visual_guide":"","_monsterinsights_skip_tracking":false,"_monsterinsights_sitenote_active":false,"_monsterinsights_sitenote_note":"","_monsterinsights_sitenote_category":0},"pwb-brand":[762],"product_brand":[],"product_cat":[763],"product_tag":[764],"class_list":{"0":"post-10972","1":"product","2":"type-product","3":"status-publish","4":"has-post-thumbnail","6":"pwb-brand-robustel","7":"product_cat-industrial-edge-computing-gateway","8":"product_tag-eg5120","9":"no-featured-image-padding","10":"sales-flash-overlay","11":"woocommerce-text-align-center","12":"woocommerce-image-align-center","13":"do-quantity-buttons","15":"first","16":"onbackorder","17":"taxable","18":"shipping-taxable","19":"purchasable","20":"product-type-simple"},"acf":[],"yoast_head":"<!-- This site is optimized with the Yoast SEO Premium plugin v26.9 (Yoast SEO v27.4) - https:\/\/yoast.com\/product\/yoast-seo-premium-wordpress\/ -->\n<title>EG5120-A2CAZ-5G-A25GL (WiFi + BLE) - Online Shop - DAVANTEL<\/title>\n<meta name=\"description\" content=\"I.MX8M PLUS+AI, 2GB RAM, 16GB FLASH, 2XETH, 1XUSB, 2XRS232\/485, 2XDI,2XDO, 1XSD CARD, 5G NR, WIFI\/BLE. (No incluye antenas 5G, antena WiFi y alimentador externo 220VAC).\" \/>\n<meta name=\"robots\" content=\"index, follow, max-snippet:-1, max-image-preview:large, max-video-preview:-1\" \/>\n<link rel=\"canonical\" href=\"https:\/\/shop.davantel.com\/en\/product\/eg5120-a2caz-5g-a25gl\" \/>\n<meta property=\"og:locale\" content=\"en_US\" \/>\n<meta property=\"og:type\" content=\"article\" \/>\n<meta property=\"og:title\" content=\"EG5120-A2CAZ-5G-A25GL (WiFi + BLE)\" \/>\n<meta property=\"og:description\" content=\"I.MX8M PLUS+AI, 2GB RAM, 16GB FLASH, 2XETH, 1XUSB, 2XRS232\/485, 2XDI,2XDO, 1XSD CARD, 5G NR, WIFI\/BLE. (No incluye antenas 5G, antena WiFi y alimentador externo 220VAC).\" \/>\n<meta property=\"og:url\" content=\"https:\/\/shop.davantel.com\/en\/product\/eg5120-a2caz-5g-a25gl\" \/>\n<meta property=\"og:site_name\" content=\"Online Shop - DAVANTEL\" \/>\n<meta property=\"article:publisher\" content=\"https:\/\/www.facebook.com\/davantel2\" \/>\n<meta property=\"article:modified_time\" content=\"2024-01-25T14:36:49+00:00\" \/>\n<meta property=\"og:image\" content=\"https:\/\/shop.davantel.com\/wp-content\/uploads\/2023\/06\/robustel-industrial-edge-computing-2.png\" \/>\n\t<meta property=\"og:image:width\" content=\"604\" \/>\n\t<meta property=\"og:image:height\" content=\"413\" \/>\n\t<meta property=\"og:image:type\" content=\"image\/png\" \/>\n<meta name=\"twitter:card\" content=\"summary_large_image\" \/>\n<meta name=\"twitter:site\" content=\"@DAVANTEL_BCN\" \/>\n<meta name=\"twitter:label1\" content=\"Price\" \/>\n\t<meta name=\"twitter:data1\" content=\"1.374,32&euro; VAT inc. - 1.135,80&euro; VAT exc.\" \/>\n\t<meta name=\"twitter:label2\" content=\"Availability\" \/>\n\t<meta name=\"twitter:data2\" content=\"On backorder\" \/>\n<script type=\"application\/ld+json\" class=\"yoast-schema-graph\">{\"@context\":\"https:\\\/\\\/schema.org\",\"@graph\":[{\"@type\":\"WebPage\",\"@id\":\"https:\\\/\\\/shop.davantel.com\\\/en\\\/product\\\/eg5120-a2caz-5g-a25gl\",\"url\":\"https:\\\/\\\/shop.davantel.com\\\/en\\\/product\\\/eg5120-a2caz-5g-a25gl\",\"name\":\"EG5120-A2CAZ-5G-A25GL (WiFi + BLE) - Online Shop - DAVANTEL\",\"isPartOf\":{\"@id\":\"https:\\\/\\\/shop.davantel.com\\\/en#website\"},\"primaryImageOfPage\":{\"@id\":\"https:\\\/\\\/shop.davantel.com\\\/en\\\/product\\\/eg5120-a2caz-5g-a25gl#primaryimage\"},\"image\":{\"@id\":\"https:\\\/\\\/shop.davantel.com\\\/en\\\/product\\\/eg5120-a2caz-5g-a25gl#primaryimage\"},\"thumbnailUrl\":\"https:\\\/\\\/i0.wp.com\\\/shop.davantel.com\\\/wp-content\\\/uploads\\\/2023\\\/06\\\/robustel-industrial-edge-computing-2.png?fit=604%2C413&ssl=1\",\"datePublished\":\"2023-06-22T09:50:43+00:00\",\"dateModified\":\"2024-01-25T14:36:49+00:00\",\"description\":\"I.MX8M PLUS+AI, 2GB RAM, 16GB FLASH, 2XETH, 1XUSB, 2XRS232\\\/485, 2XDI,2XDO, 1XSD CARD, 5G NR, WIFI\\\/BLE. (No incluye antenas 5G, antena WiFi y alimentador externo 220VAC).\",\"breadcrumb\":{\"@id\":\"https:\\\/\\\/shop.davantel.com\\\/en\\\/product\\\/eg5120-a2caz-5g-a25gl#breadcrumb\"},\"inLanguage\":\"en-US\",\"potentialAction\":[{\"@type\":\"ReadAction\",\"target\":[\"https:\\\/\\\/shop.davantel.com\\\/en\\\/product\\\/eg5120-a2caz-5g-a25gl\"]}]},{\"@type\":\"ImageObject\",\"inLanguage\":\"en-US\",\"@id\":\"https:\\\/\\\/shop.davantel.com\\\/en\\\/product\\\/eg5120-a2caz-5g-a25gl#primaryimage\",\"url\":\"https:\\\/\\\/i0.wp.com\\\/shop.davantel.com\\\/wp-content\\\/uploads\\\/2023\\\/06\\\/robustel-industrial-edge-computing-2.png?fit=604%2C413&ssl=1\",\"contentUrl\":\"https:\\\/\\\/i0.wp.com\\\/shop.davantel.com\\\/wp-content\\\/uploads\\\/2023\\\/06\\\/robustel-industrial-edge-computing-2.png?fit=604%2C413&ssl=1\",\"width\":604,\"height\":413,\"caption\":\"Industrial Edge Computing Gateway\"},{\"@type\":\"BreadcrumbList\",\"@id\":\"https:\\\/\\\/shop.davantel.com\\\/en\\\/product\\\/eg5120-a2caz-5g-a25gl#breadcrumb\",\"itemListElement\":[{\"@type\":\"ListItem\",\"position\":1,\"name\":\"Home\",\"item\":\"https:\\\/\\\/shop.davantel.com\\\/en\"},{\"@type\":\"ListItem\",\"position\":2,\"name\":\"Shop\",\"item\":\"https:\\\/\\\/shop.davantel.com\\\/en\"},{\"@type\":\"ListItem\",\"position\":3,\"name\":\"Industrial Edge Computing Gateway\",\"item\":\"https:\\\/\\\/shop.davantel.com\\\/en\\\/categoria-producto\\\/industrial-edge-computing-gateway\"},{\"@type\":\"ListItem\",\"position\":4,\"name\":\"EG5120-A2CAZ-5G-A25GL (WiFi + BLE)\"}]},{\"@type\":\"WebSite\",\"@id\":\"https:\\\/\\\/shop.davantel.com\\\/en#website\",\"url\":\"https:\\\/\\\/shop.davantel.com\\\/en\",\"name\":\"Online Shop - DAVANTEL\",\"description\":\"Dearrollos AVANzados en TELecomunicaciones, S.L.\",\"publisher\":{\"@id\":\"https:\\\/\\\/shop.davantel.com\\\/en#organization\"},\"potentialAction\":[{\"@type\":\"SearchAction\",\"target\":{\"@type\":\"EntryPoint\",\"urlTemplate\":\"https:\\\/\\\/shop.davantel.com\\\/en?s={search_term_string}\"},\"query-input\":{\"@type\":\"PropertyValueSpecification\",\"valueRequired\":true,\"valueName\":\"search_term_string\"}}],\"inLanguage\":\"en-US\"},{\"@type\":\"Organization\",\"@id\":\"https:\\\/\\\/shop.davantel.com\\\/en#organization\",\"name\":\"DAVANTEL\",\"url\":\"https:\\\/\\\/shop.davantel.com\\\/en\",\"logo\":{\"@type\":\"ImageObject\",\"inLanguage\":\"en-US\",\"@id\":\"https:\\\/\\\/shop.davantel.com\\\/en#\\\/schema\\\/logo\\\/image\\\/\",\"url\":\"https:\\\/\\\/shop.davantel.com\\\/wp-content\\\/uploads\\\/2020\\\/05\\\/logosuperior_194x23.png\",\"contentUrl\":\"https:\\\/\\\/shop.davantel.com\\\/wp-content\\\/uploads\\\/2020\\\/05\\\/logosuperior_194x23.png\",\"width\":194,\"height\":23,\"caption\":\"DAVANTEL\"},\"image\":{\"@id\":\"https:\\\/\\\/shop.davantel.com\\\/en#\\\/schema\\\/logo\\\/image\\\/\"},\"sameAs\":[\"https:\\\/\\\/www.facebook.com\\\/davantel2\",\"https:\\\/\\\/x.com\\\/DAVANTEL_BCN\",\"https:\\\/\\\/www.instagram.com\\\/davantel_bcn\",\"https:\\\/\\\/www.linkedin.com\\\/company\\\/davantel\",\"https:\\\/\\\/www.youtube.com\\\/user\\\/jrsalvadorc\"]}]}<\/script>\n<meta property=\"product:brand\" content=\"Robustel\" \/>\n<meta property=\"product:price:amount\" content=\"1374.32\" \/>\n<meta property=\"product:price:currency\" content=\"EUR\" \/>\n<meta property=\"og:availability\" content=\"backorder\" \/>\n<meta property=\"product:availability\" content=\"available for order\" \/>\n<meta property=\"product:retailer_item_id\" content=\"EG5120-A2CAZ-5G-A25GL\" \/>\n<meta property=\"product:condition\" content=\"new\" \/>\n<!-- \/ Yoast SEO Premium plugin. -->","yoast_head_json":{"title":"EG5120-A2CAZ-5G-A25GL (WiFi + BLE) - Online Shop - DAVANTEL","description":"I.MX8M PLUS+AI, 2GB RAM, 16GB FLASH, 2XETH, 1XUSB, 2XRS232\/485, 2XDI,2XDO, 1XSD CARD, 5G NR, WIFI\/BLE. (No incluye antenas 5G, antena WiFi y alimentador externo 220VAC).","robots":{"index":"index","follow":"follow","max-snippet":"max-snippet:-1","max-image-preview":"max-image-preview:large","max-video-preview":"max-video-preview:-1"},"canonical":"https:\/\/shop.davantel.com\/en\/product\/eg5120-a2caz-5g-a25gl","og_locale":"en_US","og_type":"article","og_title":"EG5120-A2CAZ-5G-A25GL (WiFi + BLE)","og_description":"I.MX8M PLUS+AI, 2GB RAM, 16GB FLASH, 2XETH, 1XUSB, 2XRS232\/485, 2XDI,2XDO, 1XSD CARD, 5G NR, WIFI\/BLE. (No incluye antenas 5G, antena WiFi y alimentador externo 220VAC).","og_url":"https:\/\/shop.davantel.com\/en\/product\/eg5120-a2caz-5g-a25gl","og_site_name":"Online Shop - DAVANTEL","article_publisher":"https:\/\/www.facebook.com\/davantel2","article_modified_time":"2024-01-25T14:36:49+00:00","og_image":[{"width":604,"height":413,"url":"https:\/\/shop.davantel.com\/wp-content\/uploads\/2023\/06\/robustel-industrial-edge-computing-2.png","type":"image\/png"}],"twitter_card":"summary_large_image","twitter_site":"@DAVANTEL_BCN","twitter_misc":{"Price":"1.374,32&euro; VAT inc. - 1.135,80&euro; VAT exc.","Availability":"On backorder"},"schema":{"@context":"https:\/\/schema.org","@graph":[{"@type":"WebPage","@id":"https:\/\/shop.davantel.com\/en\/product\/eg5120-a2caz-5g-a25gl","url":"https:\/\/shop.davantel.com\/en\/product\/eg5120-a2caz-5g-a25gl","name":"EG5120-A2CAZ-5G-A25GL (WiFi + BLE) - Online Shop - DAVANTEL","isPartOf":{"@id":"https:\/\/shop.davantel.com\/en#website"},"primaryImageOfPage":{"@id":"https:\/\/shop.davantel.com\/en\/product\/eg5120-a2caz-5g-a25gl#primaryimage"},"image":{"@id":"https:\/\/shop.davantel.com\/en\/product\/eg5120-a2caz-5g-a25gl#primaryimage"},"thumbnailUrl":"https:\/\/i0.wp.com\/shop.davantel.com\/wp-content\/uploads\/2023\/06\/robustel-industrial-edge-computing-2.png?fit=604%2C413&ssl=1","datePublished":"2023-06-22T09:50:43+00:00","dateModified":"2024-01-25T14:36:49+00:00","description":"I.MX8M PLUS+AI, 2GB RAM, 16GB FLASH, 2XETH, 1XUSB, 2XRS232\/485, 2XDI,2XDO, 1XSD CARD, 5G NR, WIFI\/BLE. (No incluye antenas 5G, antena WiFi y alimentador externo 220VAC).","breadcrumb":{"@id":"https:\/\/shop.davantel.com\/en\/product\/eg5120-a2caz-5g-a25gl#breadcrumb"},"inLanguage":"en-US","potentialAction":[{"@type":"ReadAction","target":["https:\/\/shop.davantel.com\/en\/product\/eg5120-a2caz-5g-a25gl"]}]},{"@type":"ImageObject","inLanguage":"en-US","@id":"https:\/\/shop.davantel.com\/en\/product\/eg5120-a2caz-5g-a25gl#primaryimage","url":"https:\/\/i0.wp.com\/shop.davantel.com\/wp-content\/uploads\/2023\/06\/robustel-industrial-edge-computing-2.png?fit=604%2C413&ssl=1","contentUrl":"https:\/\/i0.wp.com\/shop.davantel.com\/wp-content\/uploads\/2023\/06\/robustel-industrial-edge-computing-2.png?fit=604%2C413&ssl=1","width":604,"height":413,"caption":"Industrial Edge Computing Gateway"},{"@type":"BreadcrumbList","@id":"https:\/\/shop.davantel.com\/en\/product\/eg5120-a2caz-5g-a25gl#breadcrumb","itemListElement":[{"@type":"ListItem","position":1,"name":"Home","item":"https:\/\/shop.davantel.com\/en"},{"@type":"ListItem","position":2,"name":"Shop","item":"https:\/\/shop.davantel.com\/en"},{"@type":"ListItem","position":3,"name":"Industrial Edge Computing Gateway","item":"https:\/\/shop.davantel.com\/en\/categoria-producto\/industrial-edge-computing-gateway"},{"@type":"ListItem","position":4,"name":"EG5120-A2CAZ-5G-A25GL (WiFi + BLE)"}]},{"@type":"WebSite","@id":"https:\/\/shop.davantel.com\/en#website","url":"https:\/\/shop.davantel.com\/en","name":"Online Shop - DAVANTEL","description":"Dearrollos AVANzados en TELecomunicaciones, S.L.","publisher":{"@id":"https:\/\/shop.davantel.com\/en#organization"},"potentialAction":[{"@type":"SearchAction","target":{"@type":"EntryPoint","urlTemplate":"https:\/\/shop.davantel.com\/en?s={search_term_string}"},"query-input":{"@type":"PropertyValueSpecification","valueRequired":true,"valueName":"search_term_string"}}],"inLanguage":"en-US"},{"@type":"Organization","@id":"https:\/\/shop.davantel.com\/en#organization","name":"DAVANTEL","url":"https:\/\/shop.davantel.com\/en","logo":{"@type":"ImageObject","inLanguage":"en-US","@id":"https:\/\/shop.davantel.com\/en#\/schema\/logo\/image\/","url":"https:\/\/shop.davantel.com\/wp-content\/uploads\/2020\/05\/logosuperior_194x23.png","contentUrl":"https:\/\/shop.davantel.com\/wp-content\/uploads\/2020\/05\/logosuperior_194x23.png","width":194,"height":23,"caption":"DAVANTEL"},"image":{"@id":"https:\/\/shop.davantel.com\/en#\/schema\/logo\/image\/"},"sameAs":["https:\/\/www.facebook.com\/davantel2","https:\/\/x.com\/DAVANTEL_BCN","https:\/\/www.instagram.com\/davantel_bcn","https:\/\/www.linkedin.com\/company\/davantel","https:\/\/www.youtube.com\/user\/jrsalvadorc"]}]},"product_brand":"Robustel","product_price_amount":"1374.32","product_price_currency":"EUR","og_availability":"backorder","product_availability":"available for order","product_retailer_item_id":"EG5120-A2CAZ-5G-A25GL","product_condition":"new"},"featured_img":"https:\/\/shop.davantel.com\/wp-content\/uploads\/2023\/06\/robustel-industrial-edge-computing-2.png","coauthors":[],"author_meta":{"author_link":"https:\/\/shop.davantel.com\/en\/author\/jrsalvador","display_name":"Jose R. Salvador"},"relative_dates":{"created":"Posted 3 years ago","modified":"Updated 2 years ago"},"absolute_dates":{"created":"Posted on 22\/06\/2023","modified":"Updated on 25\/01\/2024"},"absolute_dates_time":{"created":"Posted on 22\/06\/2023 11:50","modified":"Updated on 25\/01\/2024 15:36"},"featured_img_caption":"","tax_additional":{"pwb-brand":{"linked":["<a href=\"https:\/\/shop.davantel.com\/en\/brand\/robustel\" class=\"advgb-post-tax-term\">Robustel<\/a>"],"unlinked":["<span class=\"advgb-post-tax-term\">Robustel<\/span>"],"slug":"pwb-brand","name":"Brands"},"product_brand":{"linked":[],"unlinked":[],"slug":"product_brand","name":"Brands"},"product_type":{"linked":["<a href=\"https:\/\/shop.davantel.com\/en?taxonomy=product_type&#038;term=simple\" class=\"advgb-post-tax-term\">simple<\/a>"],"unlinked":["<span class=\"advgb-post-tax-term\">simple<\/span>"],"slug":"product_type","name":"Product type"},"product_visibility":{"linked":[],"unlinked":[],"slug":"product_visibility","name":"Product visibility"},"product_cat":{"linked":["<a href=\"https:\/\/shop.davantel.com\/en\/categoria-producto\/industrial-edge-computing-gateway\" class=\"advgb-post-tax-term\">Industrial Edge Computing Gateway<\/a>"],"unlinked":["<span class=\"advgb-post-tax-term\">Industrial Edge Computing Gateway<\/span>"],"slug":"product_cat","name":"Product categories"},"product_tag":{"linked":["<a href=\"https:\/\/shop.davantel.com\/etiqueta-producto\/eg5120\" class=\"advgb-post-tax-term\">EG5120<\/a>"],"unlinked":["<span class=\"advgb-post-tax-term\">EG5120<\/span>"],"slug":"product_tag","name":"Product tags"},"product_shipping_class":{"linked":[],"unlinked":[],"slug":"product_shipping_class","name":"Product shipping classes"},"pos_product_visibility":{"linked":[],"unlinked":[],"slug":"pos_product_visibility","name":"POS Product visibility"},"pa_alimentacion":{"linked":[],"unlinked":[],"slug":"pa_alimentacion","name":"Product Alimentaci\u00f3n"},"pa_dual-lte-modem":{"linked":[],"unlinked":[],"slug":"pa_dual-lte-modem","name":"Product Dual Modem"},"pa_dual-sim":{"linked":[],"unlinked":[],"slug":"pa_dual-sim","name":"Product Dual SIM"},"pa_gestionable":{"linked":[],"unlinked":[],"slug":"pa_gestionable","name":"Product Gestionable"},"pa_lte":{"linked":[],"unlinked":[],"slug":"pa_lte","name":"Product Tecnologia"},"pa_poe":{"linked":[],"unlinked":[],"slug":"pa_poe","name":"Product PoE"},"pa_puerto-serie":{"linked":[],"unlinked":[],"slug":"pa_puerto-serie","name":"Product Puerto Serie"},"pa_puertos":{"linked":[],"unlinked":[],"slug":"pa_puertos","name":"Product Puertos Switch"},"pa_puertos-router":{"linked":[],"unlinked":[],"slug":"pa_puertos-router","name":"Product Puertos Ethernet"},"pa_region":{"linked":[],"unlinked":[],"slug":"pa_region","name":"Product Region"},"pa_wifi":{"linked":[],"unlinked":[],"slug":"pa_wifi","name":"Product WiFi"},"translation_priority":{"linked":["<a href=\"https:\/\/shop.davantel.com\/en?taxonomy=translation_priority&#038;term=optional\" class=\"advgb-post-tax-term\">Opcional<\/a>"],"unlinked":["<span class=\"advgb-post-tax-term\">Opcional<\/span>"],"slug":"translation_priority","name":"Translation Priorities"}},"series_order":"","jetpack_sharing_enabled":true,"brands":[{"id":762,"name":"Robustel","slug":"robustel"}],"_links":{"self":[{"href":"https:\/\/shop.davantel.com\/en\/wp-json\/wp\/v2\/product\/10972","targetHints":{"allow":["GET"]}}],"collection":[{"href":"https:\/\/shop.davantel.com\/en\/wp-json\/wp\/v2\/product"}],"about":[{"href":"https:\/\/shop.davantel.com\/en\/wp-json\/wp\/v2\/types\/product"}],"replies":[{"embeddable":true,"href":"https:\/\/shop.davantel.com\/en\/wp-json\/wp\/v2\/comments?post=10972"}],"wp:featuredmedia":[{"embeddable":true,"href":"https:\/\/shop.davantel.com\/en\/wp-json\/wp\/v2\/media\/10970"}],"wp:attachment":[{"href":"https:\/\/shop.davantel.com\/en\/wp-json\/wp\/v2\/media?parent=10972"}],"wp:term":[{"taxonomy":"pwb-brand","embeddable":true,"href":"https:\/\/shop.davantel.com\/en\/wp-json\/wp\/v2\/pwb-brand?post=10972"},{"taxonomy":"product_brand","embeddable":true,"href":"https:\/\/shop.davantel.com\/en\/wp-json\/wp\/v2\/product_brand?post=10972"},{"taxonomy":"product_cat","embeddable":true,"href":"https:\/\/shop.davantel.com\/en\/wp-json\/wp\/v2\/product_cat?post=10972"},{"taxonomy":"product_tag","embeddable":true,"href":"https:\/\/shop.davantel.com\/en\/wp-json\/wp\/v2\/product_tag?post=10972"}],"curies":[{"name":"wp","href":"https:\/\/api.w.org\/{rel}","templated":true}]}}