{"id":11280,"date":"2023-09-22T12:15:15","date_gmt":"2023-09-22T10:15:15","guid":{"rendered":"https:\/\/shop.davantel.com\/?post_type=product&#038;p=11280"},"modified":"2026-04-16T16:10:01","modified_gmt":"2026-04-16T14:10:01","slug":"tap100000100","status":"publish","type":"product","link":"https:\/\/shop.davantel.com\/en\/product\/tap100000100","title":{"rendered":"TAP100000100"},"content":{"rendered":"\n<p class=\"wp-block-paragraph\">El TAP100 es el primer punto de acceso de Teltonika Networks, perfecto para reforzar la cobertura Wi-Fi en peque\u00f1as empresas y espacios comerciales. Este punto de acceso PoE-in puede ser alimentado por dispositivos PoE activos a trav\u00e9s de su puerto RJ45 y fue dise\u00f1ado pensando en la simplicidad y facilidad de instalaci\u00f3n.<\/p>\n","protected":false},"excerpt":{"rendered":"<p>Punto de acceso con tecnolog\u00eda WiFi 4 seg\u00fan 802.11 b\/g\/n en la banda de 2.4GHz. Alimentaci\u00f3n por PoE\/PoE+. Este modelo incluye cable Ethernet y un inyector PoE de 15W. Permite hasta 100 usuarios WiFi.<\/p>\n","protected":false},"author":1,"featured_media":11282,"comment_status":"open","ping_status":"closed","template":"","meta":{"_crdt_document":"","advgb_blocks_editor_width":"","advgb_blocks_columns_visual_guide":"","_monsterinsights_skip_tracking":false,"_monsterinsights_sitenote_active":false,"_monsterinsights_sitenote_note":"","_monsterinsights_sitenote_category":0},"pwb-brand":[99],"product_brand":[],"product_cat":[775],"product_tag":[776],"class_list":{"0":"post-11280","1":"product","2":"type-product","3":"status-publish","4":"has-post-thumbnail","6":"pwb-brand-teltonika","7":"product_cat-wifi","8":"product_tag-tap100","9":"no-featured-image-padding","10":"sales-flash-overlay","11":"woocommerce-text-align-center","12":"woocommerce-image-align-center","13":"do-quantity-buttons","15":"first","16":"onbackorder","17":"taxable","18":"shipping-taxable","19":"purchasable","20":"product-type-simple"},"acf":[],"yoast_head":"<!-- This site is optimized with the Yoast SEO Premium plugin v26.9 (Yoast SEO v27.4) - https:\/\/yoast.com\/product\/yoast-seo-premium-wordpress\/ -->\n<title>TAP100000100 - Online Shop - DAVANTEL<\/title>\n<meta name=\"description\" content=\"Punto de acceso con tecnolog\u00eda WiFi 4 seg\u00fan 802.11 b\/g\/n en la banda de 2.4GHz. Alimentaci\u00f3n por PoE\/PoE+. Este modelo incluye cable Ethernet y un inyector PoE de 15W. Permite hasta 100 usuarios WiFi.\" \/>\n<meta name=\"robots\" content=\"index, follow, max-snippet:-1, max-image-preview:large, max-video-preview:-1\" \/>\n<link rel=\"canonical\" href=\"https:\/\/shop.davantel.com\/en\/product\/tap100000100\" \/>\n<meta property=\"og:locale\" content=\"en_US\" \/>\n<meta property=\"og:type\" content=\"article\" \/>\n<meta property=\"og:title\" content=\"TAP100000100\" \/>\n<meta property=\"og:description\" content=\"Punto de acceso con tecnolog\u00eda WiFi 4 seg\u00fan 802.11 b\/g\/n en la banda de 2.4GHz. Alimentaci\u00f3n por PoE\/PoE+. Este modelo incluye cable Ethernet y un inyector PoE de 15W. Permite hasta 100 usuarios WiFi.\" \/>\n<meta property=\"og:url\" content=\"https:\/\/shop.davantel.com\/en\/product\/tap100000100\" \/>\n<meta property=\"og:site_name\" content=\"Online Shop - DAVANTEL\" \/>\n<meta property=\"article:publisher\" content=\"https:\/\/www.facebook.com\/davantel2\" \/>\n<meta property=\"article:modified_time\" content=\"2026-04-16T14:10:01+00:00\" \/>\n<meta property=\"og:image\" content=\"https:\/\/shop.davantel.com\/wp-content\/uploads\/2023\/09\/TAP100_2.png\" \/>\n\t<meta property=\"og:image:width\" content=\"1382\" \/>\n\t<meta property=\"og:image:height\" content=\"1036\" \/>\n\t<meta property=\"og:image:type\" content=\"image\/png\" \/>\n<meta name=\"twitter:card\" content=\"summary_large_image\" \/>\n<meta name=\"twitter:site\" content=\"@DAVANTEL_BCN\" \/>\n<meta name=\"twitter:label1\" content=\"Price\" \/>\n\t<meta name=\"twitter:data1\" content=\"52,03&euro; VAT inc. - 43,00&euro; VAT exc.\" \/>\n\t<meta name=\"twitter:label2\" content=\"Availability\" \/>\n\t<meta name=\"twitter:data2\" content=\"On backorder\" \/>\n<script type=\"application\/ld+json\" class=\"yoast-schema-graph\">{\"@context\":\"https:\\\/\\\/schema.org\",\"@graph\":[{\"@type\":\"WebPage\",\"@id\":\"https:\\\/\\\/shop.davantel.com\\\/en\\\/product\\\/tap100000100\",\"url\":\"https:\\\/\\\/shop.davantel.com\\\/en\\\/product\\\/tap100000100\",\"name\":\"TAP100000100 - Online Shop - DAVANTEL\",\"isPartOf\":{\"@id\":\"https:\\\/\\\/shop.davantel.com\\\/en#website\"},\"primaryImageOfPage\":{\"@id\":\"https:\\\/\\\/shop.davantel.com\\\/en\\\/product\\\/tap100000100#primaryimage\"},\"image\":{\"@id\":\"https:\\\/\\\/shop.davantel.com\\\/en\\\/product\\\/tap100000100#primaryimage\"},\"thumbnailUrl\":\"https:\\\/\\\/i0.wp.com\\\/shop.davantel.com\\\/wp-content\\\/uploads\\\/2023\\\/09\\\/TAP100_2.png?fit=1382%2C1036&ssl=1\",\"datePublished\":\"2023-09-22T10:15:15+00:00\",\"dateModified\":\"2026-04-16T14:10:01+00:00\",\"description\":\"Punto de acceso con tecnolog\u00eda WiFi 4 seg\u00fan 802.11 b\\\/g\\\/n en la banda de 2.4GHz. Alimentaci\u00f3n por PoE\\\/PoE+. Este modelo incluye cable Ethernet y un inyector PoE de 15W. Permite hasta 100 usuarios WiFi.\",\"breadcrumb\":{\"@id\":\"https:\\\/\\\/shop.davantel.com\\\/en\\\/product\\\/tap100000100#breadcrumb\"},\"inLanguage\":\"en-US\",\"potentialAction\":[{\"@type\":\"ReadAction\",\"target\":[\"https:\\\/\\\/shop.davantel.com\\\/en\\\/product\\\/tap100000100\"]}]},{\"@type\":\"ImageObject\",\"inLanguage\":\"en-US\",\"@id\":\"https:\\\/\\\/shop.davantel.com\\\/en\\\/product\\\/tap100000100#primaryimage\",\"url\":\"https:\\\/\\\/i0.wp.com\\\/shop.davantel.com\\\/wp-content\\\/uploads\\\/2023\\\/09\\\/TAP100_2.png?fit=1382%2C1036&ssl=1\",\"contentUrl\":\"https:\\\/\\\/i0.wp.com\\\/shop.davantel.com\\\/wp-content\\\/uploads\\\/2023\\\/09\\\/TAP100_2.png?fit=1382%2C1036&ssl=1\",\"width\":1382,\"height\":1036,\"caption\":\"TAP100\"},{\"@type\":\"BreadcrumbList\",\"@id\":\"https:\\\/\\\/shop.davantel.com\\\/en\\\/product\\\/tap100000100#breadcrumb\",\"itemListElement\":[{\"@type\":\"ListItem\",\"position\":1,\"name\":\"Home\",\"item\":\"https:\\\/\\\/shop.davantel.com\\\/en\"},{\"@type\":\"ListItem\",\"position\":2,\"name\":\"Shop\",\"item\":\"https:\\\/\\\/shop.davantel.com\\\/en\"},{\"@type\":\"ListItem\",\"position\":3,\"name\":\"WiFi\",\"item\":\"https:\\\/\\\/shop.davantel.com\\\/en\\\/categoria-producto\\\/wifi\"},{\"@type\":\"ListItem\",\"position\":4,\"name\":\"TAP100000100\"}]},{\"@type\":\"WebSite\",\"@id\":\"https:\\\/\\\/shop.davantel.com\\\/en#website\",\"url\":\"https:\\\/\\\/shop.davantel.com\\\/en\",\"name\":\"Online Shop - DAVANTEL\",\"description\":\"Dearrollos AVANzados en TELecomunicaciones, S.L.\",\"publisher\":{\"@id\":\"https:\\\/\\\/shop.davantel.com\\\/en#organization\"},\"potentialAction\":[{\"@type\":\"SearchAction\",\"target\":{\"@type\":\"EntryPoint\",\"urlTemplate\":\"https:\\\/\\\/shop.davantel.com\\\/en?s={search_term_string}\"},\"query-input\":{\"@type\":\"PropertyValueSpecification\",\"valueRequired\":true,\"valueName\":\"search_term_string\"}}],\"inLanguage\":\"en-US\"},{\"@type\":\"Organization\",\"@id\":\"https:\\\/\\\/shop.davantel.com\\\/en#organization\",\"name\":\"DAVANTEL\",\"url\":\"https:\\\/\\\/shop.davantel.com\\\/en\",\"logo\":{\"@type\":\"ImageObject\",\"inLanguage\":\"en-US\",\"@id\":\"https:\\\/\\\/shop.davantel.com\\\/en#\\\/schema\\\/logo\\\/image\\\/\",\"url\":\"https:\\\/\\\/shop.davantel.com\\\/wp-content\\\/uploads\\\/2020\\\/05\\\/logosuperior_194x23.png\",\"contentUrl\":\"https:\\\/\\\/shop.davantel.com\\\/wp-content\\\/uploads\\\/2020\\\/05\\\/logosuperior_194x23.png\",\"width\":194,\"height\":23,\"caption\":\"DAVANTEL\"},\"image\":{\"@id\":\"https:\\\/\\\/shop.davantel.com\\\/en#\\\/schema\\\/logo\\\/image\\\/\"},\"sameAs\":[\"https:\\\/\\\/www.facebook.com\\\/davantel2\",\"https:\\\/\\\/x.com\\\/DAVANTEL_BCN\",\"https:\\\/\\\/www.instagram.com\\\/davantel_bcn\",\"https:\\\/\\\/www.linkedin.com\\\/company\\\/davantel\",\"https:\\\/\\\/www.youtube.com\\\/user\\\/jrsalvadorc\"]}]}<\/script>\n<meta property=\"product:brand\" content=\"Teltonika Networks\" \/>\n<meta property=\"product:price:amount\" content=\"52.03\" \/>\n<meta property=\"product:price:currency\" content=\"EUR\" \/>\n<meta property=\"og:availability\" content=\"backorder\" \/>\n<meta property=\"product:availability\" content=\"available for order\" \/>\n<meta property=\"product:retailer_item_id\" content=\"TAP100000100\" \/>\n<meta property=\"product:condition\" content=\"new\" \/>\n<!-- \/ Yoast SEO Premium plugin. -->","yoast_head_json":{"title":"TAP100000100 - Online Shop - DAVANTEL","description":"Punto de acceso con tecnolog\u00eda WiFi 4 seg\u00fan 802.11 b\/g\/n en la banda de 2.4GHz. Alimentaci\u00f3n por PoE\/PoE+. Este modelo incluye cable Ethernet y un inyector PoE de 15W. Permite hasta 100 usuarios WiFi.","robots":{"index":"index","follow":"follow","max-snippet":"max-snippet:-1","max-image-preview":"max-image-preview:large","max-video-preview":"max-video-preview:-1"},"canonical":"https:\/\/shop.davantel.com\/en\/product\/tap100000100","og_locale":"en_US","og_type":"article","og_title":"TAP100000100","og_description":"Punto de acceso con tecnolog\u00eda WiFi 4 seg\u00fan 802.11 b\/g\/n en la banda de 2.4GHz. Alimentaci\u00f3n por PoE\/PoE+. Este modelo incluye cable Ethernet y un inyector PoE de 15W. Permite hasta 100 usuarios WiFi.","og_url":"https:\/\/shop.davantel.com\/en\/product\/tap100000100","og_site_name":"Online Shop - DAVANTEL","article_publisher":"https:\/\/www.facebook.com\/davantel2","article_modified_time":"2026-04-16T14:10:01+00:00","og_image":[{"width":1382,"height":1036,"url":"https:\/\/shop.davantel.com\/wp-content\/uploads\/2023\/09\/TAP100_2.png","type":"image\/png"}],"twitter_card":"summary_large_image","twitter_site":"@DAVANTEL_BCN","twitter_misc":{"Price":"52,03&euro; VAT inc. - 43,00&euro; VAT exc.","Availability":"On backorder"},"schema":{"@context":"https:\/\/schema.org","@graph":[{"@type":"WebPage","@id":"https:\/\/shop.davantel.com\/en\/product\/tap100000100","url":"https:\/\/shop.davantel.com\/en\/product\/tap100000100","name":"TAP100000100 - Online Shop - DAVANTEL","isPartOf":{"@id":"https:\/\/shop.davantel.com\/en#website"},"primaryImageOfPage":{"@id":"https:\/\/shop.davantel.com\/en\/product\/tap100000100#primaryimage"},"image":{"@id":"https:\/\/shop.davantel.com\/en\/product\/tap100000100#primaryimage"},"thumbnailUrl":"https:\/\/i0.wp.com\/shop.davantel.com\/wp-content\/uploads\/2023\/09\/TAP100_2.png?fit=1382%2C1036&ssl=1","datePublished":"2023-09-22T10:15:15+00:00","dateModified":"2026-04-16T14:10:01+00:00","description":"Punto de acceso con tecnolog\u00eda WiFi 4 seg\u00fan 802.11 b\/g\/n en la banda de 2.4GHz. Alimentaci\u00f3n por PoE\/PoE+. Este modelo incluye cable Ethernet y un inyector PoE de 15W. Permite hasta 100 usuarios WiFi.","breadcrumb":{"@id":"https:\/\/shop.davantel.com\/en\/product\/tap100000100#breadcrumb"},"inLanguage":"en-US","potentialAction":[{"@type":"ReadAction","target":["https:\/\/shop.davantel.com\/en\/product\/tap100000100"]}]},{"@type":"ImageObject","inLanguage":"en-US","@id":"https:\/\/shop.davantel.com\/en\/product\/tap100000100#primaryimage","url":"https:\/\/i0.wp.com\/shop.davantel.com\/wp-content\/uploads\/2023\/09\/TAP100_2.png?fit=1382%2C1036&ssl=1","contentUrl":"https:\/\/i0.wp.com\/shop.davantel.com\/wp-content\/uploads\/2023\/09\/TAP100_2.png?fit=1382%2C1036&ssl=1","width":1382,"height":1036,"caption":"TAP100"},{"@type":"BreadcrumbList","@id":"https:\/\/shop.davantel.com\/en\/product\/tap100000100#breadcrumb","itemListElement":[{"@type":"ListItem","position":1,"name":"Home","item":"https:\/\/shop.davantel.com\/en"},{"@type":"ListItem","position":2,"name":"Shop","item":"https:\/\/shop.davantel.com\/en"},{"@type":"ListItem","position":3,"name":"WiFi","item":"https:\/\/shop.davantel.com\/en\/categoria-producto\/wifi"},{"@type":"ListItem","position":4,"name":"TAP100000100"}]},{"@type":"WebSite","@id":"https:\/\/shop.davantel.com\/en#website","url":"https:\/\/shop.davantel.com\/en","name":"Online Shop - DAVANTEL","description":"Dearrollos AVANzados en TELecomunicaciones, S.L.","publisher":{"@id":"https:\/\/shop.davantel.com\/en#organization"},"potentialAction":[{"@type":"SearchAction","target":{"@type":"EntryPoint","urlTemplate":"https:\/\/shop.davantel.com\/en?s={search_term_string}"},"query-input":{"@type":"PropertyValueSpecification","valueRequired":true,"valueName":"search_term_string"}}],"inLanguage":"en-US"},{"@type":"Organization","@id":"https:\/\/shop.davantel.com\/en#organization","name":"DAVANTEL","url":"https:\/\/shop.davantel.com\/en","logo":{"@type":"ImageObject","inLanguage":"en-US","@id":"https:\/\/shop.davantel.com\/en#\/schema\/logo\/image\/","url":"https:\/\/shop.davantel.com\/wp-content\/uploads\/2020\/05\/logosuperior_194x23.png","contentUrl":"https:\/\/shop.davantel.com\/wp-content\/uploads\/2020\/05\/logosuperior_194x23.png","width":194,"height":23,"caption":"DAVANTEL"},"image":{"@id":"https:\/\/shop.davantel.com\/en#\/schema\/logo\/image\/"},"sameAs":["https:\/\/www.facebook.com\/davantel2","https:\/\/x.com\/DAVANTEL_BCN","https:\/\/www.instagram.com\/davantel_bcn","https:\/\/www.linkedin.com\/company\/davantel","https:\/\/www.youtube.com\/user\/jrsalvadorc"]}]},"product_brand":"Teltonika Networks","product_price_amount":"52.03","product_price_currency":"EUR","og_availability":"backorder","product_availability":"available for order","product_retailer_item_id":"TAP100000100","product_condition":"new"},"featured_img":"https:\/\/shop.davantel.com\/wp-content\/uploads\/2023\/09\/TAP100_2.png","coauthors":[],"author_meta":{"author_link":"https:\/\/shop.davantel.com\/en\/author\/jrsalvador","display_name":"Jose R. Salvador"},"relative_dates":{"created":"Posted 3 years ago","modified":"Updated 4 days ago"},"absolute_dates":{"created":"Posted on 22\/09\/2023","modified":"Updated on 16\/04\/2026"},"absolute_dates_time":{"created":"Posted on 22\/09\/2023 12:15","modified":"Updated on 16\/04\/2026 16:10"},"featured_img_caption":"","tax_additional":{"pwb-brand":{"linked":["<a href=\"https:\/\/shop.davantel.com\/en\/brand\/teltonika-en\" class=\"advgb-post-tax-term\">Teltonika Networks<\/a>"],"unlinked":["<span class=\"advgb-post-tax-term\">Teltonika Networks<\/span>"],"slug":"pwb-brand","name":"Brands"},"product_brand":{"linked":[],"unlinked":[],"slug":"product_brand","name":"Brands"},"product_type":{"linked":["<a href=\"https:\/\/shop.davantel.com\/en?taxonomy=product_type&#038;term=simple\" class=\"advgb-post-tax-term\">simple<\/a>"],"unlinked":["<span class=\"advgb-post-tax-term\">simple<\/span>"],"slug":"product_type","name":"Product type"},"product_visibility":{"linked":[],"unlinked":[],"slug":"product_visibility","name":"Product visibility"},"product_cat":{"linked":["<a href=\"https:\/\/shop.davantel.com\/en\/categoria-producto\/wifi\" class=\"advgb-post-tax-term\">WiFi<\/a>"],"unlinked":["<span class=\"advgb-post-tax-term\">WiFi<\/span>"],"slug":"product_cat","name":"Product categories"},"product_tag":{"linked":["<a href=\"https:\/\/shop.davantel.com\/etiqueta-producto\/tap100\" class=\"advgb-post-tax-term\">TAP100<\/a>"],"unlinked":["<span class=\"advgb-post-tax-term\">TAP100<\/span>"],"slug":"product_tag","name":"Product tags"},"product_shipping_class":{"linked":[],"unlinked":[],"slug":"product_shipping_class","name":"Product shipping classes"},"pos_product_visibility":{"linked":[],"unlinked":[],"slug":"pos_product_visibility","name":"POS Product visibility"},"pa_alimentacion":{"linked":[],"unlinked":[],"slug":"pa_alimentacion","name":"Product Alimentaci\u00f3n"},"pa_dual-lte-modem":{"linked":[],"unlinked":[],"slug":"pa_dual-lte-modem","name":"Product Dual Modem"},"pa_dual-sim":{"linked":[],"unlinked":[],"slug":"pa_dual-sim","name":"Product Dual SIM"},"pa_gestionable":{"linked":[],"unlinked":[],"slug":"pa_gestionable","name":"Product Gestionable"},"pa_lte":{"linked":[],"unlinked":[],"slug":"pa_lte","name":"Product Tecnologia"},"pa_poe":{"linked":[],"unlinked":[],"slug":"pa_poe","name":"Product PoE"},"pa_puerto-serie":{"linked":[],"unlinked":[],"slug":"pa_puerto-serie","name":"Product Puerto Serie"},"pa_puertos":{"linked":[],"unlinked":[],"slug":"pa_puertos","name":"Product Puertos Switch"},"pa_puertos-router":{"linked":[],"unlinked":[],"slug":"pa_puertos-router","name":"Product Puertos Ethernet"},"pa_region":{"linked":[],"unlinked":[],"slug":"pa_region","name":"Product Region"},"pa_wifi":{"linked":[],"unlinked":[],"slug":"pa_wifi","name":"Product WiFi"},"translation_priority":{"linked":["<a href=\"https:\/\/shop.davantel.com\/en?taxonomy=translation_priority&#038;term=optional\" class=\"advgb-post-tax-term\">Opcional<\/a>"],"unlinked":["<span class=\"advgb-post-tax-term\">Opcional<\/span>"],"slug":"translation_priority","name":"Translation Priorities"}},"series_order":"","jetpack_sharing_enabled":true,"brands":[{"id":99,"name":"Teltonika Networks","slug":"teltonika"}],"_links":{"self":[{"href":"https:\/\/shop.davantel.com\/en\/wp-json\/wp\/v2\/product\/11280","targetHints":{"allow":["GET"]}}],"collection":[{"href":"https:\/\/shop.davantel.com\/en\/wp-json\/wp\/v2\/product"}],"about":[{"href":"https:\/\/shop.davantel.com\/en\/wp-json\/wp\/v2\/types\/product"}],"replies":[{"embeddable":true,"href":"https:\/\/shop.davantel.com\/en\/wp-json\/wp\/v2\/comments?post=11280"}],"wp:featuredmedia":[{"embeddable":true,"href":"https:\/\/shop.davantel.com\/en\/wp-json\/wp\/v2\/media\/11282"}],"wp:attachment":[{"href":"https:\/\/shop.davantel.com\/en\/wp-json\/wp\/v2\/media?parent=11280"}],"wp:term":[{"taxonomy":"pwb-brand","embeddable":true,"href":"https:\/\/shop.davantel.com\/en\/wp-json\/wp\/v2\/pwb-brand?post=11280"},{"taxonomy":"product_brand","embeddable":true,"href":"https:\/\/shop.davantel.com\/en\/wp-json\/wp\/v2\/product_brand?post=11280"},{"taxonomy":"product_cat","embeddable":true,"href":"https:\/\/shop.davantel.com\/en\/wp-json\/wp\/v2\/product_cat?post=11280"},{"taxonomy":"product_tag","embeddable":true,"href":"https:\/\/shop.davantel.com\/en\/wp-json\/wp\/v2\/product_tag?post=11280"}],"curies":[{"name":"wp","href":"https:\/\/api.w.org\/{rel}","templated":true}]}}