{"id":8534,"date":"2020-09-04T16:21:39","date_gmt":"2022-01-17T11:07:44","guid":{"rendered":"https:\/\/shop.davantel.com\/producto\/rut240-lte-cat4-compact-industrial-router"},"modified":"2023-12-12T10:22:09","modified_gmt":"2023-12-12T09:22:09","slug":"rut240","status":"publish","type":"product","link":"https:\/\/shop.davantel.com\/en\/product\/rut240","title":{"rendered":"RUT240 &#8211; LTE CAT4 compact industrial router"},"content":{"rendered":"<div class=\"imTAJustify\">The <span class=\"fs11lh1-5\"><b>RUT240<\/b><\/span> is a small, economical and efficient 4G WiFi router for professional use. The router provides high performance in LTE communication and is equipped with connection status LEDs and a slot for SIM cards. External antenna connectors allow to use antennas with higher gain to increase LTE signal power and easily find the best signal location. The possibility of mounting it on a DIN rail simplifies the installation process. It also incorporates a 10\/100BaseTX WAN port with an RJ45 connector, and the router can work on this WAN interface with backup on the 4G network in case of failure (this port can also be used as a second LAN port). Por \u00faltimo tambi\u00e9n incorpora una entrada digital para monitorizar el estado de alg\u00fan dispositivo externo con posibilidad de notificaci\u00f3n v\u00eda email o SMS de sus cambios de estado as\u00ed como una salida digital.<\/div>\n<div class=\"imTAJustify\">\n<div>The router has a VPN client (IPsec, GRE, OpenVPN, L2TP and PPTP) that allows secure end-to-end connections, port forwarding, firewall and integrated dynDNS client as well as HotSpot with local and remote authentication.<\/div>\n<div><\/div>\n<div>El router dispone de un porta SIM externo evitando la necesidad de abrir el equipo, leds de status de cobertura y tipo de conexi\u00f3n as\u00ed como conectores SMA est\u00e1ndar de antena permitiendo el uso de diferentes tipos en funci\u00f3n del lugar de su instalaci\u00f3n.<\/div>\n<div><\/div>\n<div>It is an industrial router with an operating temperature range between -40\u00baC and +75\u00baC, power connector with terminals, reboot via SMS, ping reboot or even periodic reset, as well as internal HW watchdog.<\/div>\n<div><\/div>\n<div>The router can be integrated into Teltonika&#8217;s RMS (Remonte Management System) centralized management platform.<\/div>\n<div><\/div>\n<div>The router is delivered with a 5dBi WiFi antenna and two 3dBi LTE antennas, UTP Ethernet cable and 200Vac external power supply.<\/div>\n<\/div>\n","protected":false},"excerpt":{"rendered":"<p>Industrial 4G LTE router with 2 Ethernet 10\/100M ports, WiFi, DIO and WAN RJ45 backup Includes 2 LTE antennas and one WiFi, Ethernet cable and external power supply.<\/p>\n<p>Part number: RUT2400DE000<\/p>\n","protected":false},"author":1,"featured_media":8127,"comment_status":"closed","ping_status":"closed","template":"","meta":{"_crdt_document":"","advgb_blocks_editor_width":"","advgb_blocks_columns_visual_guide":"","_monsterinsights_skip_tracking":false,"_monsterinsights_sitenote_active":false,"_monsterinsights_sitenote_note":"","_monsterinsights_sitenote_category":0},"pwb-brand":[705],"product_brand":[],"product_cat":[316],"product_tag":[317],"class_list":{"0":"post-8534","1":"product","2":"type-product","3":"status-publish","4":"has-post-thumbnail","6":"pwb-brand-teltonika-en","7":"product_cat-4g-routers","8":"product_tag-rut240-en","9":"pa_dual-lte-modem-no","10":"pa_dual-sim-no","11":"pa_lte-cat4","12":"pa_puerto-serie-no","13":"pa_puertos-router-517","14":"pa_region-emea","15":"no-featured-image-padding","16":"resize-featured-image","17":"sales-flash-overlay","18":"woocommerce-text-align-center","19":"woocommerce-image-align-center","20":"do-quantity-buttons","22":"first","23":"outofstock","24":"featured","25":"taxable","26":"shipping-taxable","27":"purchasable","28":"product-type-simple"},"acf":[],"yoast_head":"<!-- This site is optimized with the Yoast SEO Premium plugin v26.9 (Yoast SEO v27.3) - https:\/\/yoast.com\/product\/yoast-seo-premium-wordpress\/ -->\n<title>RUT240 - LTE CAT4 compact industrial router - Online Shop - DAVANTEL<\/title>\n<meta name=\"description\" content=\"Industrial 4G LTE router with 2 Ethernet 10\/100M ports, WiFi, DIO and WAN RJ45 backup\" \/>\n<meta name=\"robots\" content=\"index, follow, max-snippet:-1, max-image-preview:large, max-video-preview:-1\" \/>\n<link rel=\"canonical\" href=\"https:\/\/shop.davantel.com\/en\/product\/rut240\" \/>\n<meta property=\"og:locale\" content=\"en_US\" \/>\n<meta property=\"og:type\" content=\"article\" \/>\n<meta property=\"og:title\" content=\"RUT240 - LTE CAT4 compact industrial router\" \/>\n<meta property=\"og:description\" content=\"Industrial 4G LTE router with 2 Ethernet 10\/100M ports, WiFi, DIO and WAN RJ45 backup\" \/>\n<meta property=\"og:url\" content=\"https:\/\/shop.davantel.com\/en\/product\/rut240\" \/>\n<meta property=\"og:site_name\" content=\"Online Shop - DAVANTEL\" \/>\n<meta property=\"article:publisher\" content=\"https:\/\/www.facebook.com\/davantel2\" \/>\n<meta property=\"article:modified_time\" content=\"2023-12-12T09:22:09+00:00\" \/>\n<meta property=\"og:image\" content=\"https:\/\/shop.davantel.com\/wp-content\/uploads\/2020\/05\/rut240-1.jpg\" \/>\n\t<meta property=\"og:image:width\" content=\"800\" \/>\n\t<meta property=\"og:image:height\" content=\"800\" \/>\n\t<meta property=\"og:image:type\" content=\"image\/jpeg\" \/>\n<meta name=\"twitter:card\" content=\"summary_large_image\" \/>\n<meta name=\"twitter:site\" content=\"@DAVANTEL_BCN\" \/>\n<meta name=\"twitter:label1\" content=\"Price\" \/>\n\t<meta name=\"twitter:data1\" content=\"180,29&euro; VAT inc. - 149,00&euro; VAT exc.\" \/>\n\t<meta name=\"twitter:label2\" content=\"Availability\" \/>\n\t<meta name=\"twitter:data2\" content=\"Out of stock\" \/>\n<script type=\"application\/ld+json\" class=\"yoast-schema-graph\">{\"@context\":\"https:\\\/\\\/schema.org\",\"@graph\":[{\"@type\":\"WebPage\",\"@id\":\"https:\\\/\\\/shop.davantel.com\\\/en\\\/product\\\/rut240\",\"url\":\"https:\\\/\\\/shop.davantel.com\\\/en\\\/product\\\/rut240\",\"name\":\"RUT240 - LTE CAT4 compact industrial router - Online Shop - DAVANTEL\",\"isPartOf\":{\"@id\":\"https:\\\/\\\/shop.davantel.com\\\/en#website\"},\"primaryImageOfPage\":{\"@id\":\"https:\\\/\\\/shop.davantel.com\\\/en\\\/product\\\/rut240#primaryimage\"},\"image\":{\"@id\":\"https:\\\/\\\/shop.davantel.com\\\/en\\\/product\\\/rut240#primaryimage\"},\"thumbnailUrl\":\"https:\\\/\\\/shop.davantel.com\\\/wp-content\\\/uploads\\\/2020\\\/05\\\/rut240-1.avif\",\"datePublished\":\"2022-01-17T11:07:44+00:00\",\"dateModified\":\"2023-12-12T09:22:09+00:00\",\"description\":\"Industrial 4G LTE router with 2 Ethernet 10\\\/100M ports, WiFi, DIO and WAN RJ45 backup\",\"breadcrumb\":{\"@id\":\"https:\\\/\\\/shop.davantel.com\\\/en\\\/product\\\/rut240#breadcrumb\"},\"inLanguage\":\"en-US\",\"potentialAction\":[{\"@type\":\"ReadAction\",\"target\":[\"https:\\\/\\\/shop.davantel.com\\\/en\\\/product\\\/rut240\"]}]},{\"@type\":\"ImageObject\",\"inLanguage\":\"en-US\",\"@id\":\"https:\\\/\\\/shop.davantel.com\\\/en\\\/product\\\/rut240#primaryimage\",\"url\":\"https:\\\/\\\/shop.davantel.com\\\/wp-content\\\/uploads\\\/2020\\\/05\\\/rut240-1.avif\",\"contentUrl\":\"https:\\\/\\\/shop.davantel.com\\\/wp-content\\\/uploads\\\/2020\\\/05\\\/rut240-1.avif\",\"width\":800,\"height\":800,\"caption\":\"RUT240\"},{\"@type\":\"BreadcrumbList\",\"@id\":\"https:\\\/\\\/shop.davantel.com\\\/en\\\/product\\\/rut240#breadcrumb\",\"itemListElement\":[{\"@type\":\"ListItem\",\"position\":1,\"name\":\"Home\",\"item\":\"https:\\\/\\\/shop.davantel.com\\\/en\"},{\"@type\":\"ListItem\",\"position\":2,\"name\":\"Shop\",\"item\":\"https:\\\/\\\/shop.davantel.com\\\/en\"},{\"@type\":\"ListItem\",\"position\":3,\"name\":\"Cellular routers\",\"item\":\"https:\\\/\\\/shop.davantel.com\\\/en\\\/categoria-producto\\\/cellular-routers\"},{\"@type\":\"ListItem\",\"position\":4,\"name\":\"4G Routers\",\"item\":\"https:\\\/\\\/shop.davantel.com\\\/en\\\/categoria-producto\\\/cellular-routers\\\/4g-routers\"},{\"@type\":\"ListItem\",\"position\":5,\"name\":\"RUT240 &#8211; LTE CAT4 compact industrial router\"}]},{\"@type\":\"WebSite\",\"@id\":\"https:\\\/\\\/shop.davantel.com\\\/en#website\",\"url\":\"https:\\\/\\\/shop.davantel.com\\\/en\",\"name\":\"Online Shop - DAVANTEL\",\"description\":\"Dearrollos AVANzados en TELecomunicaciones, S.L.\",\"publisher\":{\"@id\":\"https:\\\/\\\/shop.davantel.com\\\/en#organization\"},\"potentialAction\":[{\"@type\":\"SearchAction\",\"target\":{\"@type\":\"EntryPoint\",\"urlTemplate\":\"https:\\\/\\\/shop.davantel.com\\\/en?s={search_term_string}\"},\"query-input\":{\"@type\":\"PropertyValueSpecification\",\"valueRequired\":true,\"valueName\":\"search_term_string\"}}],\"inLanguage\":\"en-US\"},{\"@type\":\"Organization\",\"@id\":\"https:\\\/\\\/shop.davantel.com\\\/en#organization\",\"name\":\"DAVANTEL\",\"url\":\"https:\\\/\\\/shop.davantel.com\\\/en\",\"logo\":{\"@type\":\"ImageObject\",\"inLanguage\":\"en-US\",\"@id\":\"https:\\\/\\\/shop.davantel.com\\\/en#\\\/schema\\\/logo\\\/image\\\/\",\"url\":\"https:\\\/\\\/shop.davantel.com\\\/wp-content\\\/uploads\\\/2020\\\/05\\\/logosuperior_194x23.png\",\"contentUrl\":\"https:\\\/\\\/shop.davantel.com\\\/wp-content\\\/uploads\\\/2020\\\/05\\\/logosuperior_194x23.png\",\"width\":194,\"height\":23,\"caption\":\"DAVANTEL\"},\"image\":{\"@id\":\"https:\\\/\\\/shop.davantel.com\\\/en#\\\/schema\\\/logo\\\/image\\\/\"},\"sameAs\":[\"https:\\\/\\\/www.facebook.com\\\/davantel2\",\"https:\\\/\\\/x.com\\\/DAVANTEL_BCN\",\"https:\\\/\\\/www.instagram.com\\\/davantel_bcn\",\"https:\\\/\\\/www.linkedin.com\\\/company\\\/davantel\",\"https:\\\/\\\/www.youtube.com\\\/user\\\/jrsalvadorc\"]}]}<\/script>\n<meta property=\"product:brand\" content=\"Teltonika Networks\" \/>\n<meta property=\"product:price:amount\" content=\"180.29\" \/>\n<meta property=\"product:price:currency\" content=\"EUR\" \/>\n<meta property=\"og:availability\" content=\"out of stock\" \/>\n<meta property=\"product:availability\" content=\"out of stock\" \/>\n<meta property=\"product:retailer_item_id\" content=\"RUT240\" \/>\n<meta property=\"product:condition\" content=\"new\" \/>\n<!-- \/ Yoast SEO Premium plugin. -->","yoast_head_json":{"title":"RUT240 - LTE CAT4 compact industrial router - Online Shop - DAVANTEL","description":"Industrial 4G LTE router with 2 Ethernet 10\/100M ports, WiFi, DIO and WAN RJ45 backup","robots":{"index":"index","follow":"follow","max-snippet":"max-snippet:-1","max-image-preview":"max-image-preview:large","max-video-preview":"max-video-preview:-1"},"canonical":"https:\/\/shop.davantel.com\/en\/product\/rut240","og_locale":"en_US","og_type":"article","og_title":"RUT240 - LTE CAT4 compact industrial router","og_description":"Industrial 4G LTE router with 2 Ethernet 10\/100M ports, WiFi, DIO and WAN RJ45 backup","og_url":"https:\/\/shop.davantel.com\/en\/product\/rut240","og_site_name":"Online Shop - DAVANTEL","article_publisher":"https:\/\/www.facebook.com\/davantel2","article_modified_time":"2023-12-12T09:22:09+00:00","og_image":[{"width":800,"height":800,"url":"https:\/\/shop.davantel.com\/wp-content\/uploads\/2020\/05\/rut240-1.jpg","type":"image\/jpeg"}],"twitter_card":"summary_large_image","twitter_site":"@DAVANTEL_BCN","twitter_misc":{"Price":"180,29&euro; VAT inc. - 149,00&euro; VAT exc.","Availability":"Out of stock"},"schema":{"@context":"https:\/\/schema.org","@graph":[{"@type":"WebPage","@id":"https:\/\/shop.davantel.com\/en\/product\/rut240","url":"https:\/\/shop.davantel.com\/en\/product\/rut240","name":"RUT240 - LTE CAT4 compact industrial router - Online Shop - DAVANTEL","isPartOf":{"@id":"https:\/\/shop.davantel.com\/en#website"},"primaryImageOfPage":{"@id":"https:\/\/shop.davantel.com\/en\/product\/rut240#primaryimage"},"image":{"@id":"https:\/\/shop.davantel.com\/en\/product\/rut240#primaryimage"},"thumbnailUrl":"https:\/\/shop.davantel.com\/wp-content\/uploads\/2020\/05\/rut240-1.avif","datePublished":"2022-01-17T11:07:44+00:00","dateModified":"2023-12-12T09:22:09+00:00","description":"Industrial 4G LTE router with 2 Ethernet 10\/100M ports, WiFi, DIO and WAN RJ45 backup","breadcrumb":{"@id":"https:\/\/shop.davantel.com\/en\/product\/rut240#breadcrumb"},"inLanguage":"en-US","potentialAction":[{"@type":"ReadAction","target":["https:\/\/shop.davantel.com\/en\/product\/rut240"]}]},{"@type":"ImageObject","inLanguage":"en-US","@id":"https:\/\/shop.davantel.com\/en\/product\/rut240#primaryimage","url":"https:\/\/shop.davantel.com\/wp-content\/uploads\/2020\/05\/rut240-1.avif","contentUrl":"https:\/\/shop.davantel.com\/wp-content\/uploads\/2020\/05\/rut240-1.avif","width":800,"height":800,"caption":"RUT240"},{"@type":"BreadcrumbList","@id":"https:\/\/shop.davantel.com\/en\/product\/rut240#breadcrumb","itemListElement":[{"@type":"ListItem","position":1,"name":"Home","item":"https:\/\/shop.davantel.com\/en"},{"@type":"ListItem","position":2,"name":"Shop","item":"https:\/\/shop.davantel.com\/en"},{"@type":"ListItem","position":3,"name":"Cellular routers","item":"https:\/\/shop.davantel.com\/en\/categoria-producto\/cellular-routers"},{"@type":"ListItem","position":4,"name":"4G Routers","item":"https:\/\/shop.davantel.com\/en\/categoria-producto\/cellular-routers\/4g-routers"},{"@type":"ListItem","position":5,"name":"RUT240 &#8211; LTE CAT4 compact industrial router"}]},{"@type":"WebSite","@id":"https:\/\/shop.davantel.com\/en#website","url":"https:\/\/shop.davantel.com\/en","name":"Online Shop - DAVANTEL","description":"Dearrollos AVANzados en TELecomunicaciones, S.L.","publisher":{"@id":"https:\/\/shop.davantel.com\/en#organization"},"potentialAction":[{"@type":"SearchAction","target":{"@type":"EntryPoint","urlTemplate":"https:\/\/shop.davantel.com\/en?s={search_term_string}"},"query-input":{"@type":"PropertyValueSpecification","valueRequired":true,"valueName":"search_term_string"}}],"inLanguage":"en-US"},{"@type":"Organization","@id":"https:\/\/shop.davantel.com\/en#organization","name":"DAVANTEL","url":"https:\/\/shop.davantel.com\/en","logo":{"@type":"ImageObject","inLanguage":"en-US","@id":"https:\/\/shop.davantel.com\/en#\/schema\/logo\/image\/","url":"https:\/\/shop.davantel.com\/wp-content\/uploads\/2020\/05\/logosuperior_194x23.png","contentUrl":"https:\/\/shop.davantel.com\/wp-content\/uploads\/2020\/05\/logosuperior_194x23.png","width":194,"height":23,"caption":"DAVANTEL"},"image":{"@id":"https:\/\/shop.davantel.com\/en#\/schema\/logo\/image\/"},"sameAs":["https:\/\/www.facebook.com\/davantel2","https:\/\/x.com\/DAVANTEL_BCN","https:\/\/www.instagram.com\/davantel_bcn","https:\/\/www.linkedin.com\/company\/davantel","https:\/\/www.youtube.com\/user\/jrsalvadorc"]}]},"product_brand":"Teltonika Networks","product_price_amount":"180.29","product_price_currency":"EUR","og_availability":"out of stock","product_availability":"out of stock","product_retailer_item_id":"RUT240","product_condition":"new"},"featured_img":"https:\/\/shop.davantel.com\/wp-content\/uploads\/2020\/05\/rut240-1.avif","coauthors":[],"author_meta":{"author_link":"https:\/\/shop.davantel.com\/en\/author\/jrsalvador","display_name":"Jose R. Salvador"},"relative_dates":{"created":"Posted 6 years ago","modified":"Updated 2 years ago"},"absolute_dates":{"created":"Posted on 04\/09\/2020","modified":"Updated on 12\/12\/2023"},"absolute_dates_time":{"created":"Posted on 04\/09\/2020 16:21","modified":"Updated on 12\/12\/2023 10:22"},"featured_img_caption":"","tax_additional":{"pwb-brand":{"linked":["<a href=\"https:\/\/shop.davantel.com\/en\/brand\/teltonika-en\" class=\"advgb-post-tax-term\">Teltonika Networks<\/a>"],"unlinked":["<span class=\"advgb-post-tax-term\">Teltonika Networks<\/span>"],"slug":"pwb-brand","name":"Brands"},"product_brand":{"linked":[],"unlinked":[],"slug":"product_brand","name":"Brands"},"product_type":{"linked":["<a href=\"https:\/\/shop.davantel.com\/en?taxonomy=product_type&#038;term=simple\" class=\"advgb-post-tax-term\">simple<\/a>"],"unlinked":["<span class=\"advgb-post-tax-term\">simple<\/span>"],"slug":"product_type","name":"Product type"},"product_visibility":{"linked":["<a href=\"https:\/\/shop.davantel.com\/?taxonomy=product_visibility&#038;term=featured\" class=\"advgb-post-tax-term\">featured<\/a>","<a href=\"https:\/\/shop.davantel.com\/?taxonomy=product_visibility&#038;term=outofstock\" class=\"advgb-post-tax-term\">outofstock<\/a>","<a href=\"https:\/\/shop.davantel.com\/?taxonomy=product_visibility&#038;term=rated-5\" class=\"advgb-post-tax-term\">rated-5<\/a>"],"unlinked":["<span class=\"advgb-post-tax-term\">featured<\/span>","<span class=\"advgb-post-tax-term\">outofstock<\/span>","<span class=\"advgb-post-tax-term\">rated-5<\/span>"],"slug":"product_visibility","name":"Product visibility"},"product_cat":{"linked":["<a href=\"https:\/\/shop.davantel.com\/en\/categoria-producto\/cellular-routers\/4g-routers\" class=\"advgb-post-tax-term\">4G Routers<\/a>"],"unlinked":["<span class=\"advgb-post-tax-term\">4G Routers<\/span>"],"slug":"product_cat","name":"Product categories"},"product_tag":{"linked":["<a href=\"https:\/\/shop.davantel.com\/en\/product-tag\/rut240-en\" class=\"advgb-post-tax-term\">RUT240<\/a>"],"unlinked":["<span class=\"advgb-post-tax-term\">RUT240<\/span>"],"slug":"product_tag","name":"Product tags"},"product_shipping_class":{"linked":[],"unlinked":[],"slug":"product_shipping_class","name":"Product shipping classes"},"pos_product_visibility":{"linked":[],"unlinked":[],"slug":"pos_product_visibility","name":"POS Product visibility"},"pa_alimentacion":{"linked":[],"unlinked":[],"slug":"pa_alimentacion","name":"Product Alimentaci\u00f3n"},"pa_dual-lte-modem":{"linked":["<a href=\"https:\/\/shop.davantel.com\/dual-lte-modem\/no\" class=\"advgb-post-tax-term\">No<\/a>"],"unlinked":["<span class=\"advgb-post-tax-term\">No<\/span>"],"slug":"pa_dual-lte-modem","name":"Product Dual Modem"},"pa_dual-sim":{"linked":["<a href=\"https:\/\/shop.davantel.com\/dual-sim\/no\" class=\"advgb-post-tax-term\">No<\/a>"],"unlinked":["<span class=\"advgb-post-tax-term\">No<\/span>"],"slug":"pa_dual-sim","name":"Product Dual SIM"},"pa_gestionable":{"linked":[],"unlinked":[],"slug":"pa_gestionable","name":"Product Gestionable"},"pa_lte":{"linked":["<a href=\"https:\/\/shop.davantel.com\/lte\/cat4\" class=\"advgb-post-tax-term\">LTE CAT4\/3G\/2G<\/a>"],"unlinked":["<span class=\"advgb-post-tax-term\">LTE CAT4\/3G\/2G<\/span>"],"slug":"pa_lte","name":"Product Tecnologia"},"pa_poe":{"linked":[],"unlinked":[],"slug":"pa_poe","name":"Product PoE"},"pa_puerto-serie":{"linked":["<a href=\"https:\/\/shop.davantel.com\/puerto-serie\/no\" class=\"advgb-post-tax-term\">No<\/a>"],"unlinked":["<span class=\"advgb-post-tax-term\">No<\/span>"],"slug":"pa_puerto-serie","name":"Product Puerto Serie"},"pa_puertos":{"linked":[],"unlinked":[],"slug":"pa_puertos","name":"Product Puertos Switch"},"pa_puertos-router":{"linked":["<a href=\"https:\/\/shop.davantel.com\/puertos-router\/2\" class=\"advgb-post-tax-term\">2FE<\/a>"],"unlinked":["<span class=\"advgb-post-tax-term\">2FE<\/span>"],"slug":"pa_puertos-router","name":"Product Puertos Ethernet"},"pa_region":{"linked":["<a href=\"https:\/\/shop.davantel.com\/region\/emea\" class=\"advgb-post-tax-term\">EMEA<\/a>"],"unlinked":["<span class=\"advgb-post-tax-term\">EMEA<\/span>"],"slug":"pa_region","name":"Product Region"},"pa_wifi":{"linked":["<a href=\"https:\/\/shop.davantel.com\/?taxonomy=pa_wifi&#038;term=2-4ghz\" class=\"advgb-post-tax-term\">2.4GHz<\/a>"],"unlinked":["<span class=\"advgb-post-tax-term\">2.4GHz<\/span>"],"slug":"pa_wifi","name":"Product WiFi"},"translation_priority":{"linked":["<a href=\"https:\/\/shop.davantel.com\/en?taxonomy=translation_priority&#038;term=optional\" class=\"advgb-post-tax-term\">Optional<\/a>"],"unlinked":["<span class=\"advgb-post-tax-term\">Optional<\/span>"],"slug":"translation_priority","name":"Translation Priorities"}},"series_order":"","jetpack_sharing_enabled":true,"brands":[{"id":705,"name":"Teltonika Networks","slug":"teltonika-en"}],"_links":{"self":[{"href":"https:\/\/shop.davantel.com\/en\/wp-json\/wp\/v2\/product\/8534","targetHints":{"allow":["GET"]}}],"collection":[{"href":"https:\/\/shop.davantel.com\/en\/wp-json\/wp\/v2\/product"}],"about":[{"href":"https:\/\/shop.davantel.com\/en\/wp-json\/wp\/v2\/types\/product"}],"replies":[{"embeddable":true,"href":"https:\/\/shop.davantel.com\/en\/wp-json\/wp\/v2\/comments?post=8534"}],"wp:featuredmedia":[{"embeddable":true,"href":"https:\/\/shop.davantel.com\/en\/wp-json\/wp\/v2\/media\/8127"}],"wp:attachment":[{"href":"https:\/\/shop.davantel.com\/en\/wp-json\/wp\/v2\/media?parent=8534"}],"wp:term":[{"taxonomy":"pwb-brand","embeddable":true,"href":"https:\/\/shop.davantel.com\/en\/wp-json\/wp\/v2\/pwb-brand?post=8534"},{"taxonomy":"product_brand","embeddable":true,"href":"https:\/\/shop.davantel.com\/en\/wp-json\/wp\/v2\/product_brand?post=8534"},{"taxonomy":"product_cat","embeddable":true,"href":"https:\/\/shop.davantel.com\/en\/wp-json\/wp\/v2\/product_cat?post=8534"},{"taxonomy":"product_tag","embeddable":true,"href":"https:\/\/shop.davantel.com\/en\/wp-json\/wp\/v2\/product_tag?post=8534"}],"curies":[{"name":"wp","href":"https:\/\/api.w.org\/{rel}","templated":true}]}}