{"id":8721,"date":"2020-06-29T18:42:03","date_gmt":"2020-06-29T16:42:03","guid":{"rendered":"https:\/\/shop.davantel.com\/producto\/rutx12-lte-cat6-dual-modem-router-wifi-dual-band"},"modified":"2024-11-25T16:20:46","modified_gmt":"2024-11-25T15:20:46","slug":"rutx12","status":"publish","type":"product","link":"https:\/\/shop.davantel.com\/en\/product\/rutx12","title":{"rendered":"RUTX12 &#8211; LTE CAT6 dual modem router + WiFi dual band"},"content":{"rendered":"<p>RUTX12 is an industrial LTE CAT6 router that incorporates two latest generation LTE modems capable of reaching download speeds of up to 600Mbps (300&#215;2) and equipped with 5 Gigabit Ethernet ports and a dual band 2.4\/5GHz Wi-Fi interface according to the Wave-2 standard. 802.11ac capable of speeds in excess of 800Mbps, a Quad-core CPU and 256MB of RAM. This hardware together with the RutOS operating system allows advanced features such as multiple VPN sessions, X.509 certificates, advanced firewall and integration in the RMS centralized management system.<\/p>\n<p>Its dual LTE modem allows it to double speed and offer redundancy in case of failure without the need for a new connection and registration in the mobile network.<\/p>\n<p>The router has a GPS receiver capable of geolocating the equipment or providing a highly precise time reference capable of synchronizing other equipment on the same network.<\/p>\n<p>La familia RUTX dispone de interfaz Bluethooh 4.0 permitiendo la conexi\u00f3n de diferentes balizas y sensores que luego se pueden monitorizar a trav\u00e9s del propio router o a trav\u00e9s de protocolo MQTT y HTTPS.<\/p>\n<p>RUTX12 is delivered with 4 LTE antennas, 2 WiFi antennas, a GNSS antenna, a Bluetooth antenna, an Ethernet cable and an external power supply but it can be powered continuously at voltages between 9Vdc and 50Vdc and can work at temperatures between -40\u00baC and +75\u00baC .<\/p>\n<p><a href=\"https:\/\/shop.davantel.com\/como-funciona-el-load-balancing-en-el-rutx12\">How does load balancing work in RUTX12?<\/a><\/p>\n<p><a href=\"https:\/\/shop.davantel.com\/como-puedo-saber-si-mi-router-tiene-una-ip-publica-y-accesible-desde-internet\">How can I know if my router has a public IP and is accessible from the Internet?<\/a><\/p>\n","protected":false},"excerpt":{"rendered":"<p>Router with two LTE CAT6 modules with failover and load balancing, dual WiFi 2.4\/5GHz, 5 Gigabit Ethernet ports, Bluetooth and GPS<\/p>\n","protected":false},"author":1,"featured_media":8304,"comment_status":"open","ping_status":"closed","template":"","meta":{"_crdt_document":"","advgb_blocks_editor_width":"","advgb_blocks_columns_visual_guide":"","_monsterinsights_skip_tracking":false,"_monsterinsights_sitenote_active":false,"_monsterinsights_sitenote_note":"","_monsterinsights_sitenote_category":0},"pwb-brand":[705],"product_brand":[],"product_cat":[316,1110],"product_tag":[405,1088],"class_list":{"0":"post-8721","1":"product","2":"type-product","3":"status-publish","4":"has-post-thumbnail","6":"pwb-brand-teltonika-en","7":"product_cat-4g-routers","8":"product_cat-best-sellers","9":"product_tag-rutx12-en","10":"product_tag-sim-en","11":"pa_dual-lte-modem-si","12":"pa_dual-sim-si","13":"pa_lte-cat6","14":"pa_puerto-serie-usb","15":"pa_puertos-router-5ge","16":"pa_region-emea","17":"pa_region-latam","18":"no-featured-image-padding","19":"sales-flash-overlay","20":"woocommerce-text-align-center","21":"woocommerce-image-align-center","22":"do-quantity-buttons","24":"first","25":"instock","26":"taxable","27":"shipping-taxable","28":"purchasable","29":"product-type-simple"},"acf":[],"yoast_head":"<!-- This site is optimized with the Yoast SEO Premium plugin v26.9 (Yoast SEO v27.4) - https:\/\/yoast.com\/product\/yoast-seo-premium-wordpress\/ -->\n<title>RUTX12 - LTE CAT6 dual modem router + WiFi dual band - Online Shop - DAVANTEL<\/title>\n<meta name=\"description\" content=\"Router with two LTE CAT6 modules with failover and load balancing, dual WiFi 2.4\/5GHz, 5 Gigabit Ethernet ports, Bluetooth and GPS\" \/>\n<meta name=\"robots\" content=\"index, follow, max-snippet:-1, max-image-preview:large, max-video-preview:-1\" \/>\n<link rel=\"canonical\" href=\"https:\/\/shop.davantel.com\/en\/product\/rutx12\" \/>\n<meta property=\"og:locale\" content=\"en_US\" \/>\n<meta property=\"og:type\" content=\"article\" \/>\n<meta property=\"og:title\" content=\"RUTX12 - LTE CAT6 dual modem router + WiFi dual band\" \/>\n<meta property=\"og:description\" content=\"Router with two LTE CAT6 modules with failover and load balancing, dual WiFi 2.4\/5GHz, 5 Gigabit Ethernet ports, Bluetooth and GPS\" \/>\n<meta property=\"og:url\" content=\"https:\/\/shop.davantel.com\/en\/product\/rutx12\" \/>\n<meta property=\"og:site_name\" content=\"Online Shop - DAVANTEL\" \/>\n<meta property=\"article:publisher\" content=\"https:\/\/www.facebook.com\/davantel2\" \/>\n<meta property=\"article:modified_time\" content=\"2024-11-25T15:20:46+00:00\" \/>\n<meta property=\"og:image\" content=\"https:\/\/shop.davantel.com\/wp-content\/uploads\/2020\/06\/RUTX12.png\" \/>\n\t<meta property=\"og:image:width\" content=\"600\" \/>\n\t<meta property=\"og:image:height\" content=\"600\" \/>\n\t<meta property=\"og:image:type\" content=\"image\/png\" \/>\n<meta name=\"twitter:card\" content=\"summary_large_image\" \/>\n<meta name=\"twitter:site\" content=\"@DAVANTEL_BCN\" \/>\n<meta name=\"twitter:label1\" content=\"Price\" \/>\n\t<meta name=\"twitter:data1\" content=\"477,95&euro; VAT inc. - 395,00&euro; VAT exc.\" \/>\n\t<meta name=\"twitter:label2\" content=\"Availability\" \/>\n\t<meta name=\"twitter:data2\" content=\"In stock\" \/>\n<script type=\"application\/ld+json\" class=\"yoast-schema-graph\">{\"@context\":\"https:\\\/\\\/schema.org\",\"@graph\":[{\"@type\":\"WebPage\",\"@id\":\"https:\\\/\\\/shop.davantel.com\\\/en\\\/product\\\/rutx12\",\"url\":\"https:\\\/\\\/shop.davantel.com\\\/en\\\/product\\\/rutx12\",\"name\":\"RUTX12 - LTE CAT6 dual modem router + WiFi dual band - Online Shop - DAVANTEL\",\"isPartOf\":{\"@id\":\"https:\\\/\\\/shop.davantel.com\\\/en#website\"},\"primaryImageOfPage\":{\"@id\":\"https:\\\/\\\/shop.davantel.com\\\/en\\\/product\\\/rutx12#primaryimage\"},\"image\":{\"@id\":\"https:\\\/\\\/shop.davantel.com\\\/en\\\/product\\\/rutx12#primaryimage\"},\"thumbnailUrl\":\"https:\\\/\\\/i0.wp.com\\\/shop.davantel.com\\\/wp-content\\\/uploads\\\/2020\\\/06\\\/RUTX12.png?fit=600%2C600&ssl=1\",\"datePublished\":\"2020-06-29T16:42:03+00:00\",\"dateModified\":\"2024-11-25T15:20:46+00:00\",\"description\":\"Router with two LTE CAT6 modules with failover and load balancing, dual WiFi 2.4\\\/5GHz, 5 Gigabit Ethernet ports, Bluetooth and GPS\",\"breadcrumb\":{\"@id\":\"https:\\\/\\\/shop.davantel.com\\\/en\\\/product\\\/rutx12#breadcrumb\"},\"inLanguage\":\"en-US\",\"potentialAction\":[{\"@type\":\"ReadAction\",\"target\":[\"https:\\\/\\\/shop.davantel.com\\\/en\\\/product\\\/rutx12\"]}]},{\"@type\":\"ImageObject\",\"inLanguage\":\"en-US\",\"@id\":\"https:\\\/\\\/shop.davantel.com\\\/en\\\/product\\\/rutx12#primaryimage\",\"url\":\"https:\\\/\\\/i0.wp.com\\\/shop.davantel.com\\\/wp-content\\\/uploads\\\/2020\\\/06\\\/RUTX12.png?fit=600%2C600&ssl=1\",\"contentUrl\":\"https:\\\/\\\/i0.wp.com\\\/shop.davantel.com\\\/wp-content\\\/uploads\\\/2020\\\/06\\\/RUTX12.png?fit=600%2C600&ssl=1\",\"width\":600,\"height\":600,\"caption\":\"RUTX12\"},{\"@type\":\"BreadcrumbList\",\"@id\":\"https:\\\/\\\/shop.davantel.com\\\/en\\\/product\\\/rutx12#breadcrumb\",\"itemListElement\":[{\"@type\":\"ListItem\",\"position\":1,\"name\":\"Home\",\"item\":\"https:\\\/\\\/shop.davantel.com\\\/en\"},{\"@type\":\"ListItem\",\"position\":2,\"name\":\"Shop\",\"item\":\"https:\\\/\\\/shop.davantel.com\\\/en\"},{\"@type\":\"ListItem\",\"position\":3,\"name\":\"4G Routers\",\"item\":\"https:\\\/\\\/shop.davantel.com\\\/en\\\/categoria-producto\\\/cellular-routers\\\/4g-routers\"},{\"@type\":\"ListItem\",\"position\":4,\"name\":\"RUTX12 &#8211; LTE CAT6 dual modem router + WiFi dual band\"}]},{\"@type\":\"WebSite\",\"@id\":\"https:\\\/\\\/shop.davantel.com\\\/en#website\",\"url\":\"https:\\\/\\\/shop.davantel.com\\\/en\",\"name\":\"Online Shop - DAVANTEL\",\"description\":\"Dearrollos AVANzados en TELecomunicaciones, S.L.\",\"publisher\":{\"@id\":\"https:\\\/\\\/shop.davantel.com\\\/en#organization\"},\"potentialAction\":[{\"@type\":\"SearchAction\",\"target\":{\"@type\":\"EntryPoint\",\"urlTemplate\":\"https:\\\/\\\/shop.davantel.com\\\/en?s={search_term_string}\"},\"query-input\":{\"@type\":\"PropertyValueSpecification\",\"valueRequired\":true,\"valueName\":\"search_term_string\"}}],\"inLanguage\":\"en-US\"},{\"@type\":\"Organization\",\"@id\":\"https:\\\/\\\/shop.davantel.com\\\/en#organization\",\"name\":\"DAVANTEL\",\"url\":\"https:\\\/\\\/shop.davantel.com\\\/en\",\"logo\":{\"@type\":\"ImageObject\",\"inLanguage\":\"en-US\",\"@id\":\"https:\\\/\\\/shop.davantel.com\\\/en#\\\/schema\\\/logo\\\/image\\\/\",\"url\":\"https:\\\/\\\/shop.davantel.com\\\/wp-content\\\/uploads\\\/2020\\\/05\\\/logosuperior_194x23.png\",\"contentUrl\":\"https:\\\/\\\/shop.davantel.com\\\/wp-content\\\/uploads\\\/2020\\\/05\\\/logosuperior_194x23.png\",\"width\":194,\"height\":23,\"caption\":\"DAVANTEL\"},\"image\":{\"@id\":\"https:\\\/\\\/shop.davantel.com\\\/en#\\\/schema\\\/logo\\\/image\\\/\"},\"sameAs\":[\"https:\\\/\\\/www.facebook.com\\\/davantel2\",\"https:\\\/\\\/x.com\\\/DAVANTEL_BCN\",\"https:\\\/\\\/www.instagram.com\\\/davantel_bcn\",\"https:\\\/\\\/www.linkedin.com\\\/company\\\/davantel\",\"https:\\\/\\\/www.youtube.com\\\/user\\\/jrsalvadorc\"]}]}<\/script>\n<meta property=\"product:brand\" content=\"Teltonika Networks\" \/>\n<meta property=\"product:price:amount\" content=\"477.95\" \/>\n<meta property=\"product:price:currency\" content=\"EUR\" \/>\n<meta property=\"og:availability\" content=\"instock\" \/>\n<meta property=\"product:availability\" content=\"instock\" \/>\n<meta property=\"product:retailer_item_id\" content=\"RUTX12000000\" \/>\n<meta property=\"product:condition\" content=\"new\" \/>\n<!-- \/ Yoast SEO Premium plugin. -->","yoast_head_json":{"title":"RUTX12 - LTE CAT6 dual modem router + WiFi dual band - Online Shop - DAVANTEL","description":"Router with two LTE CAT6 modules with failover and load balancing, dual WiFi 2.4\/5GHz, 5 Gigabit Ethernet ports, Bluetooth and GPS","robots":{"index":"index","follow":"follow","max-snippet":"max-snippet:-1","max-image-preview":"max-image-preview:large","max-video-preview":"max-video-preview:-1"},"canonical":"https:\/\/shop.davantel.com\/en\/product\/rutx12","og_locale":"en_US","og_type":"article","og_title":"RUTX12 - LTE CAT6 dual modem router + WiFi dual band","og_description":"Router with two LTE CAT6 modules with failover and load balancing, dual WiFi 2.4\/5GHz, 5 Gigabit Ethernet ports, Bluetooth and GPS","og_url":"https:\/\/shop.davantel.com\/en\/product\/rutx12","og_site_name":"Online Shop - DAVANTEL","article_publisher":"https:\/\/www.facebook.com\/davantel2","article_modified_time":"2024-11-25T15:20:46+00:00","og_image":[{"width":600,"height":600,"url":"https:\/\/shop.davantel.com\/wp-content\/uploads\/2020\/06\/RUTX12.png","type":"image\/png"}],"twitter_card":"summary_large_image","twitter_site":"@DAVANTEL_BCN","twitter_misc":{"Price":"477,95&euro; VAT inc. - 395,00&euro; VAT exc.","Availability":"In stock"},"schema":{"@context":"https:\/\/schema.org","@graph":[{"@type":"WebPage","@id":"https:\/\/shop.davantel.com\/en\/product\/rutx12","url":"https:\/\/shop.davantel.com\/en\/product\/rutx12","name":"RUTX12 - LTE CAT6 dual modem router + WiFi dual band - Online Shop - DAVANTEL","isPartOf":{"@id":"https:\/\/shop.davantel.com\/en#website"},"primaryImageOfPage":{"@id":"https:\/\/shop.davantel.com\/en\/product\/rutx12#primaryimage"},"image":{"@id":"https:\/\/shop.davantel.com\/en\/product\/rutx12#primaryimage"},"thumbnailUrl":"https:\/\/i0.wp.com\/shop.davantel.com\/wp-content\/uploads\/2020\/06\/RUTX12.png?fit=600%2C600&ssl=1","datePublished":"2020-06-29T16:42:03+00:00","dateModified":"2024-11-25T15:20:46+00:00","description":"Router with two LTE CAT6 modules with failover and load balancing, dual WiFi 2.4\/5GHz, 5 Gigabit Ethernet ports, Bluetooth and GPS","breadcrumb":{"@id":"https:\/\/shop.davantel.com\/en\/product\/rutx12#breadcrumb"},"inLanguage":"en-US","potentialAction":[{"@type":"ReadAction","target":["https:\/\/shop.davantel.com\/en\/product\/rutx12"]}]},{"@type":"ImageObject","inLanguage":"en-US","@id":"https:\/\/shop.davantel.com\/en\/product\/rutx12#primaryimage","url":"https:\/\/i0.wp.com\/shop.davantel.com\/wp-content\/uploads\/2020\/06\/RUTX12.png?fit=600%2C600&ssl=1","contentUrl":"https:\/\/i0.wp.com\/shop.davantel.com\/wp-content\/uploads\/2020\/06\/RUTX12.png?fit=600%2C600&ssl=1","width":600,"height":600,"caption":"RUTX12"},{"@type":"BreadcrumbList","@id":"https:\/\/shop.davantel.com\/en\/product\/rutx12#breadcrumb","itemListElement":[{"@type":"ListItem","position":1,"name":"Home","item":"https:\/\/shop.davantel.com\/en"},{"@type":"ListItem","position":2,"name":"Shop","item":"https:\/\/shop.davantel.com\/en"},{"@type":"ListItem","position":3,"name":"4G Routers","item":"https:\/\/shop.davantel.com\/en\/categoria-producto\/cellular-routers\/4g-routers"},{"@type":"ListItem","position":4,"name":"RUTX12 &#8211; LTE CAT6 dual modem router + WiFi dual band"}]},{"@type":"WebSite","@id":"https:\/\/shop.davantel.com\/en#website","url":"https:\/\/shop.davantel.com\/en","name":"Online Shop - DAVANTEL","description":"Dearrollos AVANzados en TELecomunicaciones, S.L.","publisher":{"@id":"https:\/\/shop.davantel.com\/en#organization"},"potentialAction":[{"@type":"SearchAction","target":{"@type":"EntryPoint","urlTemplate":"https:\/\/shop.davantel.com\/en?s={search_term_string}"},"query-input":{"@type":"PropertyValueSpecification","valueRequired":true,"valueName":"search_term_string"}}],"inLanguage":"en-US"},{"@type":"Organization","@id":"https:\/\/shop.davantel.com\/en#organization","name":"DAVANTEL","url":"https:\/\/shop.davantel.com\/en","logo":{"@type":"ImageObject","inLanguage":"en-US","@id":"https:\/\/shop.davantel.com\/en#\/schema\/logo\/image\/","url":"https:\/\/shop.davantel.com\/wp-content\/uploads\/2020\/05\/logosuperior_194x23.png","contentUrl":"https:\/\/shop.davantel.com\/wp-content\/uploads\/2020\/05\/logosuperior_194x23.png","width":194,"height":23,"caption":"DAVANTEL"},"image":{"@id":"https:\/\/shop.davantel.com\/en#\/schema\/logo\/image\/"},"sameAs":["https:\/\/www.facebook.com\/davantel2","https:\/\/x.com\/DAVANTEL_BCN","https:\/\/www.instagram.com\/davantel_bcn","https:\/\/www.linkedin.com\/company\/davantel","https:\/\/www.youtube.com\/user\/jrsalvadorc"]}]},"product_brand":"Teltonika Networks","product_price_amount":"477.95","product_price_currency":"EUR","og_availability":"instock","product_availability":"instock","product_retailer_item_id":"RUTX12000000","product_condition":"new"},"featured_img":"https:\/\/shop.davantel.com\/wp-content\/uploads\/2020\/06\/RUTX12.png","coauthors":[],"author_meta":{"author_link":"https:\/\/shop.davantel.com\/en\/author\/jrsalvador","display_name":"Jose R. Salvador"},"relative_dates":{"created":"Posted 6 years ago","modified":"Updated 1 year ago"},"absolute_dates":{"created":"Posted on 29\/06\/2020","modified":"Updated on 25\/11\/2024"},"absolute_dates_time":{"created":"Posted on 29\/06\/2020 18:42","modified":"Updated on 25\/11\/2024 16:20"},"featured_img_caption":"","tax_additional":{"pwb-brand":{"linked":["<a href=\"https:\/\/shop.davantel.com\/en\/brand\/teltonika-en\" class=\"advgb-post-tax-term\">Teltonika Networks<\/a>"],"unlinked":["<span class=\"advgb-post-tax-term\">Teltonika Networks<\/span>"],"slug":"pwb-brand","name":"Brands"},"product_brand":{"linked":[],"unlinked":[],"slug":"product_brand","name":"Brands"},"product_type":{"linked":["<a href=\"https:\/\/shop.davantel.com\/en?taxonomy=product_type&#038;term=simple\" class=\"advgb-post-tax-term\">simple<\/a>"],"unlinked":["<span class=\"advgb-post-tax-term\">simple<\/span>"],"slug":"product_type","name":"Product type"},"product_visibility":{"linked":["<a href=\"https:\/\/shop.davantel.com\/?taxonomy=product_visibility&#038;term=rated-5\" class=\"advgb-post-tax-term\">rated-5<\/a>"],"unlinked":["<span class=\"advgb-post-tax-term\">rated-5<\/span>"],"slug":"product_visibility","name":"Product visibility"},"product_cat":{"linked":["<a href=\"https:\/\/shop.davantel.com\/en\/categoria-producto\/cellular-routers\/4g-routers\" class=\"advgb-post-tax-term\">4G Routers<\/a>","<a href=\"https:\/\/shop.davantel.com\/en\/categoria-producto\/best-sellers\" class=\"advgb-post-tax-term\">Best Sellers<\/a>"],"unlinked":["<span class=\"advgb-post-tax-term\">4G Routers<\/span>","<span class=\"advgb-post-tax-term\">Best Sellers<\/span>"],"slug":"product_cat","name":"Product categories"},"product_tag":{"linked":["<a href=\"https:\/\/shop.davantel.com\/en\/product-tag\/rutx12-en\" class=\"advgb-post-tax-term\">RUTX12<\/a>","<a href=\"https:\/\/shop.davantel.com\/en\/product-tag\/sim-en\" class=\"advgb-post-tax-term\">SIM<\/a>"],"unlinked":["<span class=\"advgb-post-tax-term\">RUTX12<\/span>","<span class=\"advgb-post-tax-term\">SIM<\/span>"],"slug":"product_tag","name":"Product tags"},"product_shipping_class":{"linked":[],"unlinked":[],"slug":"product_shipping_class","name":"Product shipping classes"},"pos_product_visibility":{"linked":[],"unlinked":[],"slug":"pos_product_visibility","name":"POS Product visibility"},"pa_alimentacion":{"linked":[],"unlinked":[],"slug":"pa_alimentacion","name":"Product Alimentaci\u00f3n"},"pa_dual-lte-modem":{"linked":["<a href=\"https:\/\/shop.davantel.com\/dual-lte-modem\/si\" class=\"advgb-post-tax-term\">S\u00ed<\/a>"],"unlinked":["<span class=\"advgb-post-tax-term\">S\u00ed<\/span>"],"slug":"pa_dual-lte-modem","name":"Product Dual Modem"},"pa_dual-sim":{"linked":["<a href=\"https:\/\/shop.davantel.com\/dual-sim\/si\" class=\"advgb-post-tax-term\">S\u00ed<\/a>"],"unlinked":["<span class=\"advgb-post-tax-term\">S\u00ed<\/span>"],"slug":"pa_dual-sim","name":"Product Dual SIM"},"pa_gestionable":{"linked":[],"unlinked":[],"slug":"pa_gestionable","name":"Product Gestionable"},"pa_lte":{"linked":["<a href=\"https:\/\/shop.davantel.com\/lte\/cat6\" class=\"advgb-post-tax-term\">LTE CAT6\/CAT4\/3G\/2G<\/a>"],"unlinked":["<span class=\"advgb-post-tax-term\">LTE CAT6\/CAT4\/3G\/2G<\/span>"],"slug":"pa_lte","name":"Product Tecnologia"},"pa_poe":{"linked":[],"unlinked":[],"slug":"pa_poe","name":"Product PoE"},"pa_puerto-serie":{"linked":["<a href=\"https:\/\/shop.davantel.com\/puerto-serie\/usb\" class=\"advgb-post-tax-term\">USB<\/a>"],"unlinked":["<span class=\"advgb-post-tax-term\">USB<\/span>"],"slug":"pa_puerto-serie","name":"Product Puerto Serie"},"pa_puertos":{"linked":[],"unlinked":[],"slug":"pa_puertos","name":"Product Puertos Switch"},"pa_puertos-router":{"linked":["<a href=\"https:\/\/shop.davantel.com\/puertos-router\/5ge\" class=\"advgb-post-tax-term\">5GE<\/a>"],"unlinked":["<span class=\"advgb-post-tax-term\">5GE<\/span>"],"slug":"pa_puertos-router","name":"Product Puertos Ethernet"},"pa_region":{"linked":["<a href=\"https:\/\/shop.davantel.com\/region\/emea\" class=\"advgb-post-tax-term\">EMEA<\/a>","<a href=\"https:\/\/shop.davantel.com\/region\/latam\" class=\"advgb-post-tax-term\">LATAM<\/a>"],"unlinked":["<span class=\"advgb-post-tax-term\">EMEA<\/span>","<span class=\"advgb-post-tax-term\">LATAM<\/span>"],"slug":"pa_region","name":"Product Region"},"pa_wifi":{"linked":["<a href=\"https:\/\/shop.davantel.com\/?taxonomy=pa_wifi&#038;term=2-4ghz5ghz\" class=\"advgb-post-tax-term\">2.4GHz+5GHz<\/a>"],"unlinked":["<span class=\"advgb-post-tax-term\">2.4GHz+5GHz<\/span>"],"slug":"pa_wifi","name":"Product WiFi"},"translation_priority":{"linked":["<a href=\"https:\/\/shop.davantel.com\/en?taxonomy=translation_priority&#038;term=optional\" class=\"advgb-post-tax-term\">Optional<\/a>"],"unlinked":["<span class=\"advgb-post-tax-term\">Optional<\/span>"],"slug":"translation_priority","name":"Translation Priorities"}},"series_order":"","jetpack_sharing_enabled":true,"brands":[{"id":705,"name":"Teltonika Networks","slug":"teltonika-en"}],"_links":{"self":[{"href":"https:\/\/shop.davantel.com\/en\/wp-json\/wp\/v2\/product\/8721","targetHints":{"allow":["GET"]}}],"collection":[{"href":"https:\/\/shop.davantel.com\/en\/wp-json\/wp\/v2\/product"}],"about":[{"href":"https:\/\/shop.davantel.com\/en\/wp-json\/wp\/v2\/types\/product"}],"replies":[{"embeddable":true,"href":"https:\/\/shop.davantel.com\/en\/wp-json\/wp\/v2\/comments?post=8721"}],"wp:featuredmedia":[{"embeddable":true,"href":"https:\/\/shop.davantel.com\/en\/wp-json\/wp\/v2\/media\/8304"}],"wp:attachment":[{"href":"https:\/\/shop.davantel.com\/en\/wp-json\/wp\/v2\/media?parent=8721"}],"wp:term":[{"taxonomy":"pwb-brand","embeddable":true,"href":"https:\/\/shop.davantel.com\/en\/wp-json\/wp\/v2\/pwb-brand?post=8721"},{"taxonomy":"product_brand","embeddable":true,"href":"https:\/\/shop.davantel.com\/en\/wp-json\/wp\/v2\/product_brand?post=8721"},{"taxonomy":"product_cat","embeddable":true,"href":"https:\/\/shop.davantel.com\/en\/wp-json\/wp\/v2\/product_cat?post=8721"},{"taxonomy":"product_tag","embeddable":true,"href":"https:\/\/shop.davantel.com\/en\/wp-json\/wp\/v2\/product_tag?post=8721"}],"curies":[{"name":"wp","href":"https:\/\/api.w.org\/{rel}","templated":true}]}}