{"id":9236,"date":"2022-04-13T16:12:43","date_gmt":"2022-04-13T14:12:43","guid":{"rendered":"https:\/\/shop.davantel.com\/?post_type=product&#038;p=9236"},"modified":"2026-04-16T16:09:07","modified_gmt":"2026-04-16T14:09:07","slug":"bat120","status":"publish","type":"product","link":"https:\/\/shop.davantel.com\/en\/product\/bat120","title":{"rendered":"BAT120 &#8211; Bater\u00eda 12VDC"},"content":{"rendered":"\n<p class=\"wp-block-paragraph\">Con una tensi\u00f3n de entrada de 9-30V y una salida de 12V, esta bater\u00eda puede conectarse al alimentador del router y proporcionar alimentaci\u00f3n al dispositivo hasta un m\u00e1ximo de 6 horas en caso de p\u00e9rdida de tensi\u00f3n alterna gracias a sus dos celdas de Li-lo 18650.<\/p>\n\n\n\n<p class=\"wp-block-paragraph\">La bateria BAT120 dispone de protecciones de polaridad y sobretensi\u00f3n a la entrada y 3A de corriente m\u00e1xima de protecci\u00f3n a la salida. Asimismo, dispone de carcasa met\u00e1lica, posibilidad de montaje en carril DIN y leds de tensi\u00f3n de entrada y salida as\u00ed como de carga de la bater\u00eda.<\/p>\n\n\n\n<p class=\"wp-block-paragraph\">Por \u00faltimo destacar que dispone de una salida digital (12V) que indica la ca\u00edda de tensi\u00f3n de entrada y que puede conectarse a la entrada digital de cualquier dispositivo Teltonika para enviar un email o SMS de alarma.<\/p>\n","protected":false},"excerpt":{"rendered":"<p>Bater\u00eda en formato industrial con entrada 9-30VDC y salida 12VDC para alimentaci\u00f3n de dispositivos Teltonika en caso de ca\u00edda de la alimentaci\u00f3n de red.<\/p>\n","protected":false},"author":1,"featured_media":9239,"comment_status":"open","ping_status":"closed","template":"","meta":{"_crdt_document":"","advgb_blocks_editor_width":"","advgb_blocks_columns_visual_guide":"","_monsterinsights_skip_tracking":false,"_monsterinsights_sitenote_active":false,"_monsterinsights_sitenote_note":"","_monsterinsights_sitenote_category":0},"pwb-brand":[99],"product_brand":[],"product_cat":[22,291],"product_tag":[482,745],"class_list":{"0":"post-9236","1":"product","2":"type-product","3":"status-publish","4":"has-post-thumbnail","6":"pwb-brand-teltonika","7":"product_cat-accesorios","8":"product_cat-fuentes-de-alimentacion","9":"product_tag-bat120","10":"product_tag-bat120000000","11":"no-featured-image-padding","12":"sales-flash-overlay","13":"woocommerce-text-align-center","14":"woocommerce-image-align-center","15":"do-quantity-buttons","17":"first","18":"instock","19":"taxable","20":"shipping-taxable","21":"purchasable","22":"product-type-simple"},"acf":[],"yoast_head":"<!-- This site is optimized with the Yoast SEO Premium plugin v26.9 (Yoast SEO v27.4) - https:\/\/yoast.com\/product\/yoast-seo-premium-wordpress\/ -->\n<title>BAT120 - Bater\u00eda 12VDC - Online Shop - DAVANTEL<\/title>\n<meta name=\"description\" content=\"Bater\u00eda en formato industrial con entrada 9-30VDC y salida 12VDC para alimentaci\u00f3n de dispositivos Teltonika en caso de ca\u00edda de la alimentaci\u00f3n de red.\" \/>\n<meta name=\"robots\" content=\"index, follow, max-snippet:-1, max-image-preview:large, max-video-preview:-1\" \/>\n<link rel=\"canonical\" href=\"https:\/\/shop.davantel.com\/en\/product\/bat120\" \/>\n<meta property=\"og:locale\" content=\"en_US\" \/>\n<meta property=\"og:type\" content=\"article\" \/>\n<meta property=\"og:title\" content=\"BAT120 - Bater\u00eda 12VDC\" \/>\n<meta property=\"og:description\" content=\"Bater\u00eda en formato industrial con entrada 9-30VDC y salida 12VDC para alimentaci\u00f3n de dispositivos Teltonika en caso de ca\u00edda de la alimentaci\u00f3n de red.\" \/>\n<meta property=\"og:url\" content=\"https:\/\/shop.davantel.com\/en\/product\/bat120\" \/>\n<meta property=\"og:site_name\" content=\"Online Shop - DAVANTEL\" \/>\n<meta property=\"article:publisher\" content=\"https:\/\/www.facebook.com\/davantel2\" \/>\n<meta property=\"article:modified_time\" content=\"2026-04-16T14:09:07+00:00\" \/>\n<meta property=\"og:image\" content=\"https:\/\/shop.davantel.com\/wp-content\/uploads\/2022\/04\/bat120-1.webp\" \/>\n\t<meta property=\"og:image:width\" content=\"640\" \/>\n\t<meta property=\"og:image:height\" content=\"640\" \/>\n\t<meta property=\"og:image:type\" content=\"image\/webp\" \/>\n<meta name=\"twitter:card\" content=\"summary_large_image\" \/>\n<meta name=\"twitter:site\" content=\"@DAVANTEL_BCN\" \/>\n<meta name=\"twitter:label1\" content=\"Price\" \/>\n\t<meta name=\"twitter:data1\" content=\"108,90&euro; VAT inc. - 90,00&euro; VAT exc.\" \/>\n\t<meta name=\"twitter:label2\" content=\"Availability\" \/>\n\t<meta name=\"twitter:data2\" content=\"In stock\" \/>\n<script type=\"application\/ld+json\" class=\"yoast-schema-graph\">{\"@context\":\"https:\\\/\\\/schema.org\",\"@graph\":[{\"@type\":\"WebPage\",\"@id\":\"https:\\\/\\\/shop.davantel.com\\\/en\\\/product\\\/bat120\",\"url\":\"https:\\\/\\\/shop.davantel.com\\\/en\\\/product\\\/bat120\",\"name\":\"BAT120 - Bater\u00eda 12VDC - Online Shop - DAVANTEL\",\"isPartOf\":{\"@id\":\"https:\\\/\\\/shop.davantel.com\\\/en#website\"},\"primaryImageOfPage\":{\"@id\":\"https:\\\/\\\/shop.davantel.com\\\/en\\\/product\\\/bat120#primaryimage\"},\"image\":{\"@id\":\"https:\\\/\\\/shop.davantel.com\\\/en\\\/product\\\/bat120#primaryimage\"},\"thumbnailUrl\":\"https:\\\/\\\/i0.wp.com\\\/shop.davantel.com\\\/wp-content\\\/uploads\\\/2022\\\/04\\\/bat120-1.webp?fit=640%2C640&ssl=1\",\"datePublished\":\"2022-04-13T14:12:43+00:00\",\"dateModified\":\"2026-04-16T14:09:07+00:00\",\"description\":\"Bater\u00eda en formato industrial con entrada 9-30VDC y salida 12VDC para alimentaci\u00f3n de dispositivos Teltonika en caso de ca\u00edda de la alimentaci\u00f3n de red.\",\"breadcrumb\":{\"@id\":\"https:\\\/\\\/shop.davantel.com\\\/en\\\/product\\\/bat120#breadcrumb\"},\"inLanguage\":\"en-US\",\"potentialAction\":[{\"@type\":\"ReadAction\",\"target\":[\"https:\\\/\\\/shop.davantel.com\\\/en\\\/product\\\/bat120\"]}]},{\"@type\":\"ImageObject\",\"inLanguage\":\"en-US\",\"@id\":\"https:\\\/\\\/shop.davantel.com\\\/en\\\/product\\\/bat120#primaryimage\",\"url\":\"https:\\\/\\\/i0.wp.com\\\/shop.davantel.com\\\/wp-content\\\/uploads\\\/2022\\\/04\\\/bat120-1.webp?fit=640%2C640&ssl=1\",\"contentUrl\":\"https:\\\/\\\/i0.wp.com\\\/shop.davantel.com\\\/wp-content\\\/uploads\\\/2022\\\/04\\\/bat120-1.webp?fit=640%2C640&ssl=1\",\"width\":640,\"height\":640},{\"@type\":\"BreadcrumbList\",\"@id\":\"https:\\\/\\\/shop.davantel.com\\\/en\\\/product\\\/bat120#breadcrumb\",\"itemListElement\":[{\"@type\":\"ListItem\",\"position\":1,\"name\":\"Home\",\"item\":\"https:\\\/\\\/shop.davantel.com\\\/en\"},{\"@type\":\"ListItem\",\"position\":2,\"name\":\"Shop\",\"item\":\"https:\\\/\\\/shop.davantel.com\\\/en\"},{\"@type\":\"ListItem\",\"position\":3,\"name\":\"Router Accessories\",\"item\":\"https:\\\/\\\/shop.davantel.com\\\/en\\\/categoria-producto\\\/router-accessories\"},{\"@type\":\"ListItem\",\"position\":4,\"name\":\"BAT120 &#8211; Bater\u00eda 12VDC\"}]},{\"@type\":\"WebSite\",\"@id\":\"https:\\\/\\\/shop.davantel.com\\\/en#website\",\"url\":\"https:\\\/\\\/shop.davantel.com\\\/en\",\"name\":\"Online Shop - DAVANTEL\",\"description\":\"Dearrollos AVANzados en TELecomunicaciones, S.L.\",\"publisher\":{\"@id\":\"https:\\\/\\\/shop.davantel.com\\\/en#organization\"},\"potentialAction\":[{\"@type\":\"SearchAction\",\"target\":{\"@type\":\"EntryPoint\",\"urlTemplate\":\"https:\\\/\\\/shop.davantel.com\\\/en?s={search_term_string}\"},\"query-input\":{\"@type\":\"PropertyValueSpecification\",\"valueRequired\":true,\"valueName\":\"search_term_string\"}}],\"inLanguage\":\"en-US\"},{\"@type\":\"Organization\",\"@id\":\"https:\\\/\\\/shop.davantel.com\\\/en#organization\",\"name\":\"DAVANTEL\",\"url\":\"https:\\\/\\\/shop.davantel.com\\\/en\",\"logo\":{\"@type\":\"ImageObject\",\"inLanguage\":\"en-US\",\"@id\":\"https:\\\/\\\/shop.davantel.com\\\/en#\\\/schema\\\/logo\\\/image\\\/\",\"url\":\"https:\\\/\\\/shop.davantel.com\\\/wp-content\\\/uploads\\\/2020\\\/05\\\/logosuperior_194x23.png\",\"contentUrl\":\"https:\\\/\\\/shop.davantel.com\\\/wp-content\\\/uploads\\\/2020\\\/05\\\/logosuperior_194x23.png\",\"width\":194,\"height\":23,\"caption\":\"DAVANTEL\"},\"image\":{\"@id\":\"https:\\\/\\\/shop.davantel.com\\\/en#\\\/schema\\\/logo\\\/image\\\/\"},\"sameAs\":[\"https:\\\/\\\/www.facebook.com\\\/davantel2\",\"https:\\\/\\\/x.com\\\/DAVANTEL_BCN\",\"https:\\\/\\\/www.instagram.com\\\/davantel_bcn\",\"https:\\\/\\\/www.linkedin.com\\\/company\\\/davantel\",\"https:\\\/\\\/www.youtube.com\\\/user\\\/jrsalvadorc\"]}]}<\/script>\n<meta property=\"product:brand\" content=\"Teltonika Networks\" \/>\n<meta property=\"product:price:amount\" content=\"108.90\" \/>\n<meta property=\"product:price:currency\" content=\"EUR\" \/>\n<meta property=\"og:availability\" content=\"instock\" \/>\n<meta property=\"product:availability\" content=\"instock\" \/>\n<meta property=\"product:retailer_item_id\" content=\"BAT120000000\" \/>\n<meta property=\"product:condition\" content=\"new\" \/>\n<!-- \/ Yoast SEO Premium plugin. -->","yoast_head_json":{"title":"BAT120 - Bater\u00eda 12VDC - Online Shop - DAVANTEL","description":"Bater\u00eda en formato industrial con entrada 9-30VDC y salida 12VDC para alimentaci\u00f3n de dispositivos Teltonika en caso de ca\u00edda de la alimentaci\u00f3n de red.","robots":{"index":"index","follow":"follow","max-snippet":"max-snippet:-1","max-image-preview":"max-image-preview:large","max-video-preview":"max-video-preview:-1"},"canonical":"https:\/\/shop.davantel.com\/en\/product\/bat120","og_locale":"en_US","og_type":"article","og_title":"BAT120 - Bater\u00eda 12VDC","og_description":"Bater\u00eda en formato industrial con entrada 9-30VDC y salida 12VDC para alimentaci\u00f3n de dispositivos Teltonika en caso de ca\u00edda de la alimentaci\u00f3n de red.","og_url":"https:\/\/shop.davantel.com\/en\/product\/bat120","og_site_name":"Online Shop - DAVANTEL","article_publisher":"https:\/\/www.facebook.com\/davantel2","article_modified_time":"2026-04-16T14:09:07+00:00","og_image":[{"width":640,"height":640,"url":"https:\/\/shop.davantel.com\/wp-content\/uploads\/2022\/04\/bat120-1.webp","type":"image\/webp"}],"twitter_card":"summary_large_image","twitter_site":"@DAVANTEL_BCN","twitter_misc":{"Price":"108,90&euro; VAT inc. - 90,00&euro; VAT exc.","Availability":"In stock"},"schema":{"@context":"https:\/\/schema.org","@graph":[{"@type":"WebPage","@id":"https:\/\/shop.davantel.com\/en\/product\/bat120","url":"https:\/\/shop.davantel.com\/en\/product\/bat120","name":"BAT120 - Bater\u00eda 12VDC - Online Shop - DAVANTEL","isPartOf":{"@id":"https:\/\/shop.davantel.com\/en#website"},"primaryImageOfPage":{"@id":"https:\/\/shop.davantel.com\/en\/product\/bat120#primaryimage"},"image":{"@id":"https:\/\/shop.davantel.com\/en\/product\/bat120#primaryimage"},"thumbnailUrl":"https:\/\/i0.wp.com\/shop.davantel.com\/wp-content\/uploads\/2022\/04\/bat120-1.webp?fit=640%2C640&ssl=1","datePublished":"2022-04-13T14:12:43+00:00","dateModified":"2026-04-16T14:09:07+00:00","description":"Bater\u00eda en formato industrial con entrada 9-30VDC y salida 12VDC para alimentaci\u00f3n de dispositivos Teltonika en caso de ca\u00edda de la alimentaci\u00f3n de red.","breadcrumb":{"@id":"https:\/\/shop.davantel.com\/en\/product\/bat120#breadcrumb"},"inLanguage":"en-US","potentialAction":[{"@type":"ReadAction","target":["https:\/\/shop.davantel.com\/en\/product\/bat120"]}]},{"@type":"ImageObject","inLanguage":"en-US","@id":"https:\/\/shop.davantel.com\/en\/product\/bat120#primaryimage","url":"https:\/\/i0.wp.com\/shop.davantel.com\/wp-content\/uploads\/2022\/04\/bat120-1.webp?fit=640%2C640&ssl=1","contentUrl":"https:\/\/i0.wp.com\/shop.davantel.com\/wp-content\/uploads\/2022\/04\/bat120-1.webp?fit=640%2C640&ssl=1","width":640,"height":640},{"@type":"BreadcrumbList","@id":"https:\/\/shop.davantel.com\/en\/product\/bat120#breadcrumb","itemListElement":[{"@type":"ListItem","position":1,"name":"Home","item":"https:\/\/shop.davantel.com\/en"},{"@type":"ListItem","position":2,"name":"Shop","item":"https:\/\/shop.davantel.com\/en"},{"@type":"ListItem","position":3,"name":"Router Accessories","item":"https:\/\/shop.davantel.com\/en\/categoria-producto\/router-accessories"},{"@type":"ListItem","position":4,"name":"BAT120 &#8211; Bater\u00eda 12VDC"}]},{"@type":"WebSite","@id":"https:\/\/shop.davantel.com\/en#website","url":"https:\/\/shop.davantel.com\/en","name":"Online Shop - DAVANTEL","description":"Dearrollos AVANzados en TELecomunicaciones, S.L.","publisher":{"@id":"https:\/\/shop.davantel.com\/en#organization"},"potentialAction":[{"@type":"SearchAction","target":{"@type":"EntryPoint","urlTemplate":"https:\/\/shop.davantel.com\/en?s={search_term_string}"},"query-input":{"@type":"PropertyValueSpecification","valueRequired":true,"valueName":"search_term_string"}}],"inLanguage":"en-US"},{"@type":"Organization","@id":"https:\/\/shop.davantel.com\/en#organization","name":"DAVANTEL","url":"https:\/\/shop.davantel.com\/en","logo":{"@type":"ImageObject","inLanguage":"en-US","@id":"https:\/\/shop.davantel.com\/en#\/schema\/logo\/image\/","url":"https:\/\/shop.davantel.com\/wp-content\/uploads\/2020\/05\/logosuperior_194x23.png","contentUrl":"https:\/\/shop.davantel.com\/wp-content\/uploads\/2020\/05\/logosuperior_194x23.png","width":194,"height":23,"caption":"DAVANTEL"},"image":{"@id":"https:\/\/shop.davantel.com\/en#\/schema\/logo\/image\/"},"sameAs":["https:\/\/www.facebook.com\/davantel2","https:\/\/x.com\/DAVANTEL_BCN","https:\/\/www.instagram.com\/davantel_bcn","https:\/\/www.linkedin.com\/company\/davantel","https:\/\/www.youtube.com\/user\/jrsalvadorc"]}]},"product_brand":"Teltonika Networks","product_price_amount":"108.90","product_price_currency":"EUR","og_availability":"instock","product_availability":"instock","product_retailer_item_id":"BAT120000000","product_condition":"new"},"featured_img":"https:\/\/shop.davantel.com\/wp-content\/uploads\/2022\/04\/bat120-1.webp","coauthors":[],"author_meta":{"author_link":"https:\/\/shop.davantel.com\/en\/author\/jrsalvador","display_name":"Jose R. Salvador"},"relative_dates":{"created":"Posted 4 years ago","modified":"Updated 5 days ago"},"absolute_dates":{"created":"Posted on 13\/04\/2022","modified":"Updated on 16\/04\/2026"},"absolute_dates_time":{"created":"Posted on 13\/04\/2022 16:12","modified":"Updated on 16\/04\/2026 16:09"},"featured_img_caption":"","tax_additional":{"pwb-brand":{"linked":["<a href=\"https:\/\/shop.davantel.com\/en\/brand\/teltonika-en\" class=\"advgb-post-tax-term\">Teltonika Networks<\/a>"],"unlinked":["<span class=\"advgb-post-tax-term\">Teltonika Networks<\/span>"],"slug":"pwb-brand","name":"Brands"},"product_brand":{"linked":[],"unlinked":[],"slug":"product_brand","name":"Brands"},"product_type":{"linked":["<a href=\"https:\/\/shop.davantel.com\/en?taxonomy=product_type&#038;term=simple\" class=\"advgb-post-tax-term\">simple<\/a>"],"unlinked":["<span class=\"advgb-post-tax-term\">simple<\/span>"],"slug":"product_type","name":"Product type"},"product_visibility":{"linked":[],"unlinked":[],"slug":"product_visibility","name":"Product visibility"},"product_cat":{"linked":["<a href=\"https:\/\/shop.davantel.com\/en\/categoria-producto\/router-accessories\" class=\"advgb-post-tax-term\">Accesorios Routers<\/a>","<a href=\"https:\/\/shop.davantel.com\/en\/categoria-producto\/power-supplies\" class=\"advgb-post-tax-term\">Fuentes de alimentaci\u00f3n<\/a>"],"unlinked":["<span class=\"advgb-post-tax-term\">Accesorios Routers<\/span>","<span class=\"advgb-post-tax-term\">Fuentes de alimentaci\u00f3n<\/span>"],"slug":"product_cat","name":"Product categories"},"product_tag":{"linked":["<a href=\"https:\/\/shop.davantel.com\/en\/product-tag\/bat120-en\" class=\"advgb-post-tax-term\">BAT120<\/a>","<a href=\"https:\/\/shop.davantel.com\/etiqueta-producto\/bat120000000\" class=\"advgb-post-tax-term\">BAT120000000<\/a>"],"unlinked":["<span class=\"advgb-post-tax-term\">BAT120<\/span>","<span class=\"advgb-post-tax-term\">BAT120000000<\/span>"],"slug":"product_tag","name":"Product tags"},"product_shipping_class":{"linked":[],"unlinked":[],"slug":"product_shipping_class","name":"Product shipping classes"},"pos_product_visibility":{"linked":[],"unlinked":[],"slug":"pos_product_visibility","name":"POS Product visibility"},"pa_alimentacion":{"linked":[],"unlinked":[],"slug":"pa_alimentacion","name":"Product Alimentaci\u00f3n"},"pa_dual-lte-modem":{"linked":[],"unlinked":[],"slug":"pa_dual-lte-modem","name":"Product Dual Modem"},"pa_dual-sim":{"linked":[],"unlinked":[],"slug":"pa_dual-sim","name":"Product Dual SIM"},"pa_gestionable":{"linked":[],"unlinked":[],"slug":"pa_gestionable","name":"Product Gestionable"},"pa_lte":{"linked":[],"unlinked":[],"slug":"pa_lte","name":"Product Tecnologia"},"pa_poe":{"linked":[],"unlinked":[],"slug":"pa_poe","name":"Product PoE"},"pa_puerto-serie":{"linked":[],"unlinked":[],"slug":"pa_puerto-serie","name":"Product Puerto Serie"},"pa_puertos":{"linked":[],"unlinked":[],"slug":"pa_puertos","name":"Product Puertos Switch"},"pa_puertos-router":{"linked":[],"unlinked":[],"slug":"pa_puertos-router","name":"Product Puertos Ethernet"},"pa_region":{"linked":[],"unlinked":[],"slug":"pa_region","name":"Product Region"},"pa_wifi":{"linked":[],"unlinked":[],"slug":"pa_wifi","name":"Product WiFi"},"translation_priority":{"linked":["<a href=\"https:\/\/shop.davantel.com\/en?taxonomy=translation_priority&#038;term=optional\" class=\"advgb-post-tax-term\">Opcional<\/a>"],"unlinked":["<span class=\"advgb-post-tax-term\">Opcional<\/span>"],"slug":"translation_priority","name":"Translation Priorities"}},"series_order":"","jetpack_sharing_enabled":true,"brands":[{"id":99,"name":"Teltonika Networks","slug":"teltonika"}],"_links":{"self":[{"href":"https:\/\/shop.davantel.com\/en\/wp-json\/wp\/v2\/product\/9236","targetHints":{"allow":["GET"]}}],"collection":[{"href":"https:\/\/shop.davantel.com\/en\/wp-json\/wp\/v2\/product"}],"about":[{"href":"https:\/\/shop.davantel.com\/en\/wp-json\/wp\/v2\/types\/product"}],"replies":[{"embeddable":true,"href":"https:\/\/shop.davantel.com\/en\/wp-json\/wp\/v2\/comments?post=9236"}],"wp:featuredmedia":[{"embeddable":true,"href":"https:\/\/shop.davantel.com\/en\/wp-json\/wp\/v2\/media\/9239"}],"wp:attachment":[{"href":"https:\/\/shop.davantel.com\/en\/wp-json\/wp\/v2\/media?parent=9236"}],"wp:term":[{"taxonomy":"pwb-brand","embeddable":true,"href":"https:\/\/shop.davantel.com\/en\/wp-json\/wp\/v2\/pwb-brand?post=9236"},{"taxonomy":"product_brand","embeddable":true,"href":"https:\/\/shop.davantel.com\/en\/wp-json\/wp\/v2\/product_brand?post=9236"},{"taxonomy":"product_cat","embeddable":true,"href":"https:\/\/shop.davantel.com\/en\/wp-json\/wp\/v2\/product_cat?post=9236"},{"taxonomy":"product_tag","embeddable":true,"href":"https:\/\/shop.davantel.com\/en\/wp-json\/wp\/v2\/product_tag?post=9236"}],"curies":[{"name":"wp","href":"https:\/\/api.w.org\/{rel}","templated":true}]}}